{"id":5,"date":"2022-12-06T06:21:14","date_gmt":"2022-12-06T06:21:14","guid":{"rendered":"https:\/\/www.ainedatransport.lt\/?page_id=5"},"modified":"2022-12-23T14:42:54","modified_gmt":"2022-12-23T14:42:54","slug":"apie-mus","status":"publish","type":"page","link":"https:\/\/www.ainedatransport.lt\/lt\/","title":{"rendered":"Apie mus"},"content":{"rendered":"\n<figure class=\"wp-block-image size-full is-resized\"><img loading=\"lazy\" decoding=\"async\" src=\"https:\/\/www.ainedatransport.lt\/wp-content\/uploads\/2022\/12\/truck-2591007.jpg\" alt=\"\" class=\"wp-image-116\" width=\"1440\" height=\"960\" srcset=\"https:\/\/www.ainedatransport.lt\/wp-content\/uploads\/2022\/12\/truck-2591007.jpg 1920w, https:\/\/www.ainedatransport.lt\/wp-content\/uploads\/2022\/12\/truck-2591007-300x200.jpg 300w, https:\/\/www.ainedatransport.lt\/wp-content\/uploads\/2022\/12\/truck-2591007-1024x683.jpg 1024w, https:\/\/www.ainedatransport.lt\/wp-content\/uploads\/2022\/12\/truck-2591007-768x512.jpg 768w, https:\/\/www.ainedatransport.lt\/wp-content\/uploads\/2022\/12\/truck-2591007-1536x1024.jpg 1536w, https:\/\/www.ainedatransport.lt\/wp-content\/uploads\/2022\/12\/truck-2591007-18x12.jpg 18w\" sizes=\"(max-width: 1440px) 100vw, 1440px\" \/><\/figure>\n\n\n\n<p><strong>UAB \u201eAineda transport\u201c<\/strong>&nbsp;\u2013 \u012fkurta 2006 m. ir s\u0117kmingai veikianti transporto paslaug\u0173 bendrov\u0117, reguliariai organizuojanti&nbsp;<strong>express (degan\u010di\u0173) krovini\u0173, dalini\u0173 krovini\u0173, termo krovini\u0173, piln\u0173 krovini\u0173 perve\u017eimus&nbsp;<\/strong>\u012f\/i\u0161 visos ES ir ne tik.<\/p>\n\n\n\n<p>M\u016bs\u0173 darbuotoj\u0173 sukauptos patirties d\u0117ka greitai peln\u0117me krovini\u0173 savinink\u0173, partneri\u0173 pasitik\u0117jim\u0105. J\u012f stengiam\u0117s pateisinti&nbsp;rimtu po\u017ei\u016briu \u012f darb\u0105: \u012fsiklausome \u012f individualius kiekvieno kliento poreikius bei greitai reaguojame \u012f i\u0161kilusias problemas.<\/p>\n\n\n\n<p>Atsi\u017evelgdami \u012f kliento pageidavimus si\u016blome optimal\u0173 transporto sprendim\u0105, bei kontroliuojant vis\u0105 proces\u0105&nbsp;<strong>u\u017etikriname saug\u0173 krovini\u0173 gabenim\u0105<\/strong>&nbsp;\u201enuo dur\u0173 iki dur\u0173\u201c.<\/p>\n\n\n\n<p><strong>Kod\u0117l verta su mumis dirbti?<\/strong><\/p>\n\n\n\n<ul>\n<li><strong>Reaguojame ir operatyviai atsakome<\/strong>&nbsp;\u012f kiekvien\u0105 pasi\u016blym\u0105, paklausim\u0105.<\/li>\n\n\n\n<li>Vienodai&nbsp;<strong>vertiname klientus<\/strong>&nbsp;ir turin\u010dius krovin\u012f kart\u0105 per metus, ir kelis kartus per savait\u0119.<\/li>\n\n\n\n<li><strong>M\u016bs\u0173 tikslas:&nbsp;<\/strong>\u012fgyti ir i\u0161laikyti klient\u0173 pasitik\u0117jim\u0105. Skubiai ir laiku perve\u017eti mums patik\u0117tus krovinius ir tapti patikimu j\u016bs\u0173 verslo partneriu. Tai stengiamasi pasiekti \u012fsiklausant \u012f kiekvieno kliento individualius poreikius. Tapti \u017einoma Lietuvoje ir u\u017e jos rib\u0173 kaip kokybi\u0161kas paslaugas teikian\u010dia \u012fmone.<\/li>\n\n\n\n<li><strong>\u012emon\u0117s prana\u0161umai:&nbsp;<\/strong>ilgalaik\u0117 patirtis krovini\u0173 gabenimo rinkoje, profesionalumas teikiant auk\u0161tos kokyb\u0117s paslaugas, lankstumas tenkinant individualius klient\u0173 poreikius.<\/li>\n\n\n\n<li><strong>\u012emon\u0117s misija:<\/strong>&nbsp;b\u016bti patikimu partneriu, teikti auk\u0161to lygio logistikos ir transporto paslaugas, visada atsi\u017evelgti \u012f individualius kliento poreikius.<\/li>\n<\/ul>\n\n\n\n<p><strong>Kartu galime \u017eengti didesn\u012f \u017eingsn\u012f.<br>M\u016bs\u0173 privalumas \u2013 mobilumas. Galime pristatyti J\u016bs\u0173 krovin\u012f \u012f viet\u0105 per labai trump\u0105 laik\u0105.<\/strong><\/p>\n","protected":false},"excerpt":{"rendered":"<p>UAB \u201eAineda transport\u201c&nbsp;\u2013 \u012fkurta 2006 m. ir s\u0117kmingai veikianti transporto paslaug\u0173 bendrov\u0117, reguliariai organizuojanti&nbsp;express (degan\u010di\u0173) krovini\u0173, dalini\u0173 krovini\u0173, termo krovini\u0173, piln\u0173 krovini\u0173 perve\u017eimus&nbsp;\u012f\/i\u0161 visos ES ir ne tik. M\u016bs\u0173 darbuotoj\u0173 sukauptos patirties d\u0117ka greitai peln\u0117me krovini\u0173 savinink\u0173, partneri\u0173 pasitik\u0117jim\u0105. J\u012f stengiam\u0117s pateisinti&nbsp;rimtu po\u017ei\u016briu \u012f darb\u0105: \u012fsiklausome \u012f individualius kiekvieno kliento poreikius bei greitai reaguojame \u012f [&hellip;]<\/p>\n","protected":false},"author":1,"featured_media":0,"parent":0,"menu_order":0,"comment_status":"closed","ping_status":"closed","template":"","meta":{"footnotes":""},"yoast_head":"<!-- This site is optimized with the Yoast SEO plugin v19.12 - https:\/\/yoast.com\/wordpress\/plugins\/seo\/ -->\n<title>Apie mus -<\/title>\n<meta name=\"description\" content=\"UAB \u201eAineda transport\u201c \u2013 \u012fkurta 2006 m. ir s\u0117kmingai veikianti transporto paslaug\u0173 bendrov\u0117, reguliariai organizuojanti express (degan\u010di\u0173) krovini\u0173, dalini\u0173 krovini\u0173, termo krovini\u0173, piln\u0173 krovini\u0173 perve\u017eimus \u012f\/i\u0161 visos ES ir ne tik.\" \/>\n<meta name=\"robots\" content=\"index, follow, max-snippet:-1, max-image-preview:large, max-video-preview:-1\" \/>\n<link rel=\"canonical\" href=\"http:\/\/www.ainedatransport.lt\/lt\/\" \/>\n<meta property=\"og:locale\" content=\"lt_LT\" \/>\n<meta property=\"og:type\" content=\"article\" \/>\n<meta property=\"og:title\" content=\"Apie mus -\" \/>\n<meta property=\"og:description\" content=\"UAB \u201eAineda transport\u201c \u2013 \u012fkurta 2006 m. ir s\u0117kmingai veikianti transporto paslaug\u0173 bendrov\u0117, reguliariai organizuojanti express (degan\u010di\u0173) krovini\u0173, dalini\u0173 krovini\u0173, termo krovini\u0173, piln\u0173 krovini\u0173 perve\u017eimus \u012f\/i\u0161 visos ES ir ne tik.\" \/>\n<meta property=\"og:url\" content=\"http:\/\/www.ainedatransport.lt\/lt\/\" \/>\n<meta property=\"article:modified_time\" content=\"2022-12-23T14:42:54+00:00\" \/>\n<meta property=\"og:image\" content=\"https:\/\/www.ainedatransport.lt\/wp-content\/uploads\/2022\/12\/truck-2591007.jpg\" \/>\n<meta name=\"twitter:card\" content=\"summary_large_image\" \/>\n<meta name=\"twitter:label1\" content=\"Est. reading time\" \/>\n\t<meta name=\"twitter:data1\" content=\"2 minut\u0117s\" \/>\n<script type=\"application\/ld+json\" class=\"yoast-schema-graph\">{\"@context\":\"https:\/\/schema.org\",\"@graph\":[{\"@type\":\"WebPage\",\"@id\":\"http:\/\/www.ainedatransport.lt\/lt\/\",\"url\":\"http:\/\/www.ainedatransport.lt\/lt\/\",\"name\":\"Apie mus -\",\"isPartOf\":{\"@id\":\"http:\/\/www.ainedatransport.lt\/lt\/#website\"},\"datePublished\":\"2022-12-06T06:21:14+00:00\",\"dateModified\":\"2022-12-23T14:42:54+00:00\",\"description\":\"UAB \u201eAineda transport\u201c \u2013 \u012fkurta 2006 m. ir s\u0117kmingai veikianti transporto paslaug\u0173 bendrov\u0117, reguliariai organizuojanti express (degan\u010di\u0173) krovini\u0173, dalini\u0173 krovini\u0173, termo krovini\u0173, piln\u0173 krovini\u0173 perve\u017eimus \u012f\/i\u0161 visos ES ir ne tik.\",\"breadcrumb\":{\"@id\":\"http:\/\/www.ainedatransport.lt\/lt\/#breadcrumb\"},\"inLanguage\":\"lt-LT\",\"potentialAction\":[{\"@type\":\"ReadAction\",\"target\":[\"http:\/\/www.ainedatransport.lt\/lt\/\"]}]},{\"@type\":\"BreadcrumbList\",\"@id\":\"http:\/\/www.ainedatransport.lt\/lt\/#breadcrumb\",\"itemListElement\":[{\"@type\":\"ListItem\",\"position\":1,\"name\":\"Home\",\"item\":\"http:\/\/www.ainedatransport.lt\/lt\/\"},{\"@type\":\"ListItem\",\"position\":2,\"name\":\"Apie mus\"}]},{\"@type\":\"WebSite\",\"@id\":\"http:\/\/www.ainedatransport.lt\/lt\/#website\",\"url\":\"http:\/\/www.ainedatransport.lt\/lt\/\",\"name\":\"Aineda Transport\",\"description\":\"\",\"publisher\":{\"@id\":\"http:\/\/www.ainedatransport.lt\/lt\/#organization\"},\"potentialAction\":[{\"@type\":\"SearchAction\",\"target\":{\"@type\":\"EntryPoint\",\"urlTemplate\":\"http:\/\/www.ainedatransport.lt\/lt\/?s={search_term_string}\"},\"query-input\":\"required name=search_term_string\"}],\"inLanguage\":\"lt-LT\"},{\"@type\":\"Organization\",\"@id\":\"http:\/\/www.ainedatransport.lt\/lt\/#organization\",\"name\":\"Aineda Transport\",\"url\":\"http:\/\/www.ainedatransport.lt\/lt\/\",\"logo\":{\"@type\":\"ImageObject\",\"inLanguage\":\"lt-LT\",\"@id\":\"http:\/\/www.ainedatransport.lt\/lt\/#\/schema\/logo\/image\/\",\"url\":\"https:\/\/www.ainedatransport.lt\/wp-content\/uploads\/2022\/12\/cropped-aineda.png\",\"contentUrl\":\"https:\/\/www.ainedatransport.lt\/wp-content\/uploads\/2022\/12\/cropped-aineda.png\",\"width\":240,\"height\":90,\"caption\":\"Aineda Transport\"},\"image\":{\"@id\":\"http:\/\/www.ainedatransport.lt\/lt\/#\/schema\/logo\/image\/\"}}]}<\/script>\n<!-- \/ Yoast SEO plugin. -->","yoast_head_json":{"title":"Apie mus -","description":"UAB \u201eAineda transport\u201c \u2013 \u012fkurta 2006 m. ir s\u0117kmingai veikianti transporto paslaug\u0173 bendrov\u0117, reguliariai organizuojanti express (degan\u010di\u0173) krovini\u0173, dalini\u0173 krovini\u0173, termo krovini\u0173, piln\u0173 krovini\u0173 perve\u017eimus \u012f\/i\u0161 visos ES ir ne tik.","robots":{"index":"index","follow":"follow","max-snippet":"max-snippet:-1","max-image-preview":"max-image-preview:large","max-video-preview":"max-video-preview:-1"},"canonical":"http:\/\/www.ainedatransport.lt\/lt\/","og_locale":"lt_LT","og_type":"article","og_title":"Apie mus -","og_description":"UAB \u201eAineda transport\u201c \u2013 \u012fkurta 2006 m. ir s\u0117kmingai veikianti transporto paslaug\u0173 bendrov\u0117, reguliariai organizuojanti express (degan\u010di\u0173) krovini\u0173, dalini\u0173 krovini\u0173, termo krovini\u0173, piln\u0173 krovini\u0173 perve\u017eimus \u012f\/i\u0161 visos ES ir ne tik.","og_url":"http:\/\/www.ainedatransport.lt\/lt\/","article_modified_time":"2022-12-23T14:42:54+00:00","og_image":[{"url":"https:\/\/www.ainedatransport.lt\/wp-content\/uploads\/2022\/12\/truck-2591007.jpg"}],"twitter_card":"summary_large_image","twitter_misc":{"Est. reading time":"2 minut\u0117s"},"schema":{"@context":"https:\/\/schema.org","@graph":[{"@type":"WebPage","@id":"http:\/\/www.ainedatransport.lt\/lt\/","url":"http:\/\/www.ainedatransport.lt\/lt\/","name":"Apie mus -","isPartOf":{"@id":"http:\/\/www.ainedatransport.lt\/lt\/#website"},"datePublished":"2022-12-06T06:21:14+00:00","dateModified":"2022-12-23T14:42:54+00:00","description":"UAB \u201eAineda transport\u201c \u2013 \u012fkurta 2006 m. ir s\u0117kmingai veikianti transporto paslaug\u0173 bendrov\u0117, reguliariai organizuojanti express (degan\u010di\u0173) krovini\u0173, dalini\u0173 krovini\u0173, termo krovini\u0173, piln\u0173 krovini\u0173 perve\u017eimus \u012f\/i\u0161 visos ES ir ne tik.","breadcrumb":{"@id":"http:\/\/www.ainedatransport.lt\/lt\/#breadcrumb"},"inLanguage":"lt-LT","potentialAction":[{"@type":"ReadAction","target":["http:\/\/www.ainedatransport.lt\/lt\/"]}]},{"@type":"BreadcrumbList","@id":"http:\/\/www.ainedatransport.lt\/lt\/#breadcrumb","itemListElement":[{"@type":"ListItem","position":1,"name":"Home","item":"http:\/\/www.ainedatransport.lt\/lt\/"},{"@type":"ListItem","position":2,"name":"Apie mus"}]},{"@type":"WebSite","@id":"http:\/\/www.ainedatransport.lt\/lt\/#website","url":"http:\/\/www.ainedatransport.lt\/lt\/","name":"Aineda Transport","description":"","publisher":{"@id":"http:\/\/www.ainedatransport.lt\/lt\/#organization"},"potentialAction":[{"@type":"SearchAction","target":{"@type":"EntryPoint","urlTemplate":"http:\/\/www.ainedatransport.lt\/lt\/?s={search_term_string}"},"query-input":"required name=search_term_string"}],"inLanguage":"lt-LT"},{"@type":"Organization","@id":"http:\/\/www.ainedatransport.lt\/lt\/#organization","name":"Aineda Transport","url":"http:\/\/www.ainedatransport.lt\/lt\/","logo":{"@type":"ImageObject","inLanguage":"lt-LT","@id":"http:\/\/www.ainedatransport.lt\/lt\/#\/schema\/logo\/image\/","url":"https:\/\/www.ainedatransport.lt\/wp-content\/uploads\/2022\/12\/cropped-aineda.png","contentUrl":"https:\/\/www.ainedatransport.lt\/wp-content\/uploads\/2022\/12\/cropped-aineda.png","width":240,"height":90,"caption":"Aineda Transport"},"image":{"@id":"http:\/\/www.ainedatransport.lt\/lt\/#\/schema\/logo\/image\/"}}]}},"_links":{"self":[{"href":"https:\/\/www.ainedatransport.lt\/lt\/wp-json\/wp\/v2\/pages\/5"}],"collection":[{"href":"https:\/\/www.ainedatransport.lt\/lt\/wp-json\/wp\/v2\/pages"}],"about":[{"href":"https:\/\/www.ainedatransport.lt\/lt\/wp-json\/wp\/v2\/types\/page"}],"author":[{"embeddable":true,"href":"https:\/\/www.ainedatransport.lt\/lt\/wp-json\/wp\/v2\/users\/1"}],"replies":[{"embeddable":true,"href":"https:\/\/www.ainedatransport.lt\/lt\/wp-json\/wp\/v2\/comments?post=5"}],"version-history":[{"count":9,"href":"https:\/\/www.ainedatransport.lt\/lt\/wp-json\/wp\/v2\/pages\/5\/revisions"}],"predecessor-version":[{"id":126,"href":"https:\/\/www.ainedatransport.lt\/lt\/wp-json\/wp\/v2\/pages\/5\/revisions\/126"}],"wp:attachment":[{"href":"https:\/\/www.ainedatransport.lt\/lt\/wp-json\/wp\/v2\/media?parent=5"}],"curies":[{"name":"wp","href":"https:\/\/api.w.org\/{rel}","templated":true}]}}