{"id":13,"date":"2022-12-06T06:32:21","date_gmt":"2022-12-06T06:32:21","guid":{"rendered":"https:\/\/www.ainedatransport.lt\/?page_id=13"},"modified":"2022-12-19T06:52:20","modified_gmt":"2022-12-19T06:52:20","slug":"express-kroviniu-pervezimas","status":"publish","type":"page","link":"https:\/\/www.ainedatransport.lt\/lt\/express-kroviniu-pervezimas\/","title":{"rendered":"EXPRESS KROVINI\u0172 PERVE\u017dIMAS"},"content":{"rendered":"\n<p>Krovini\u0173 perve\u017eimas ir gabenimas vykdomas visose Europos \u0161alyse. Krovinius ir verslo siuntas ve\u017eame i\u0161\/\u012f Vokietij\u0105, Olandij\u0105, Belgij\u0105, Austrij\u0105, \u0160veicarij\u0105, Pranc\u016bzij\u0105, Ispanija, Portugalija, Airija, Anglij\u0105, Danij\u0105, Norvegij\u0105, \u0160vedij\u0105, Rusij\u0105, Rumunij\u0105, Bulgarij\u0105&nbsp; ir kitas Europos \u0161alis.<\/p>\n\n\n\n<p>M\u016bs\u0173 transporto priemon\u0117s \u2013 techni\u0161kai tvarkingos, atitinkan\u010dios&nbsp;<strong>EURO5 ir&nbsp;EURO6<\/strong>&nbsp;standartus. Apr\u016bpintos visa reikiama \u012franga saugiam krovini\u0173 perve\u017eimui <strong>(krovinio tvirtinimo dir\u017eai, GPS sekimo sistema, navigacijos, telefonai)<\/strong>.<\/p>\n\n\n\n<p>Transporto priemoni\u0173 vairuotojai turi ne ma\u017eesn\u0119 nei penkeri\u0173 met\u0173 vairavimo sta\u017e\u0105, mokantys kelias u\u017esienio kalbas.<br><strong><br>M\u016bs\u0173 transportas ve\u017ea tokios apimties krovinius:<\/strong><br>\u2013 nuo voko&nbsp;<strong>iki 1600 kg, iki 7 EURO PALE\u010cI\u0172&nbsp;<\/strong>(120x80x185cm), iki 14m\u00b3<br>\u2013 nuo voko&nbsp;<strong>iki 1600 kg, iki 8 EURO PALE\u010cI\u0172<\/strong>&nbsp;(120x80x225cm), iki 20m\u00b3<\/p>\n\n\n\n<figure class=\"wp-block-gallery has-nested-images columns-2 is-cropped wp-block-gallery-1 is-layout-flex wp-block-gallery-is-layout-flex\">\n<figure class=\"wp-block-image size-large\"><img loading=\"lazy\" decoding=\"async\" width=\"640\" height=\"480\" data-id=\"44\" src=\"https:\/\/www.ainedatransport.lt\/wp-content\/uploads\/2022\/12\/DUCATO-MAXXI1-2.jpg\" alt=\"\" class=\"wp-image-44\" srcset=\"https:\/\/www.ainedatransport.lt\/wp-content\/uploads\/2022\/12\/DUCATO-MAXXI1-2.jpg 640w, https:\/\/www.ainedatransport.lt\/wp-content\/uploads\/2022\/12\/DUCATO-MAXXI1-2-300x225.jpg 300w\" sizes=\"(max-width: 640px) 100vw, 640px\" \/><\/figure>\n\n\n\n<figure class=\"wp-block-image size-large\"><img loading=\"lazy\" decoding=\"async\" width=\"600\" height=\"400\" data-id=\"45\" src=\"https:\/\/www.ainedatransport.lt\/wp-content\/uploads\/2022\/12\/SALDYTUVAS-IVECO1.jpg\" alt=\"\" class=\"wp-image-45\" srcset=\"https:\/\/www.ainedatransport.lt\/wp-content\/uploads\/2022\/12\/SALDYTUVAS-IVECO1.jpg 600w, https:\/\/www.ainedatransport.lt\/wp-content\/uploads\/2022\/12\/SALDYTUVAS-IVECO1-300x200.jpg 300w\" sizes=\"(max-width: 600px) 100vw, 600px\" \/><\/figure>\n\n\n\n<figure class=\"wp-block-image size-large\"><img loading=\"lazy\" decoding=\"async\" width=\"640\" height=\"480\" data-id=\"46\" src=\"https:\/\/www.ainedatransport.lt\/wp-content\/uploads\/2022\/12\/SALDYTUVAS-MIKRAS-11.jpg\" alt=\"\" class=\"wp-image-46\" srcset=\"https:\/\/www.ainedatransport.lt\/wp-content\/uploads\/2022\/12\/SALDYTUVAS-MIKRAS-11.jpg 640w, https:\/\/www.ainedatransport.lt\/wp-content\/uploads\/2022\/12\/SALDYTUVAS-MIKRAS-11-300x225.jpg 300w\" sizes=\"(max-width: 640px) 100vw, 640px\" \/><\/figure>\n\n\n\n<figure class=\"wp-block-image size-large\"><img loading=\"lazy\" decoding=\"async\" width=\"870\" height=\"600\" data-id=\"47\" src=\"https:\/\/www.ainedatransport.lt\/wp-content\/uploads\/2022\/12\/renault1-1.jpg\" alt=\"\" class=\"wp-image-47\" srcset=\"https:\/\/www.ainedatransport.lt\/wp-content\/uploads\/2022\/12\/renault1-1.jpg 870w, https:\/\/www.ainedatransport.lt\/wp-content\/uploads\/2022\/12\/renault1-1-300x207.jpg 300w, https:\/\/www.ainedatransport.lt\/wp-content\/uploads\/2022\/12\/renault1-1-768x530.jpg 768w\" sizes=\"(max-width: 870px) 100vw, 870px\" \/><\/figure>\n<\/figure>\n\n\n\n<p><strong>Laikas, per kur\u012f grei\u010diausiai nuve\u017eame ar parve\u017eame&nbsp;krovinius:<\/strong><br>\u2013 Vokietija \u2013 u\u017etrunkame 12 \u2013 36 val.<br>\u2013 Pranc\u016bzija \u2013&nbsp; u\u017etrunkame 24 \u2013 48 val.<br>\u2013 Lenkija \u2013 u\u017etrunkame iki 16 val.<br>\u2013 Anglija \u2013 u\u017etrunkame 24 \u2013 48 val.<br>\u2013 \u0160veicarija, Danija, Olandija, Belgija, Austrija, \u010cekija, Slovakija, Vengrija, Suomija \u2013 u\u017etrunkame 24 \u2013 36 val.<br>\u2013 Rumunija, Bulgarija, Graikija, Makedonija, Serbija, Slov\u0117nija, \u0160vedija, Norvegija, Italija, Rusija iki Maskvos \u2013 u\u017etrunkame 24 \u2013 48 val.<\/p>\n\n\n\n<p><strong>Kartu galime \u017eengti didesn\u012f \u017eingsn\u012f.<\/strong><br><strong>M\u016bs\u0173 privalumas \u2013 mobilumas. Galime pristatyti J\u016bs\u0173 krovin\u012f \u012f viet\u0105 per labai trump\u0105 laik\u0105.<\/strong><\/p>\n","protected":false},"excerpt":{"rendered":"<p>Krovini\u0173 perve\u017eimas ir gabenimas vykdomas visose Europos \u0161alyse. Krovinius ir verslo siuntas ve\u017eame i\u0161\/\u012f Vokietij\u0105, Olandij\u0105, Belgij\u0105, Austrij\u0105, \u0160veicarij\u0105, Pranc\u016bzij\u0105, Ispanija, Portugalija, Airija, Anglij\u0105, Danij\u0105, Norvegij\u0105, \u0160vedij\u0105, Rusij\u0105, Rumunij\u0105, Bulgarij\u0105&nbsp; ir kitas Europos \u0161alis. M\u016bs\u0173 transporto priemon\u0117s \u2013 techni\u0161kai tvarkingos, atitinkan\u010dios&nbsp;EURO5 ir&nbsp;EURO6&nbsp;standartus. Apr\u016bpintos visa reikiama \u012franga saugiam krovini\u0173 perve\u017eimui (krovinio tvirtinimo dir\u017eai, GPS sekimo sistema, [&hellip;]<\/p>\n","protected":false},"author":1,"featured_media":0,"parent":0,"menu_order":0,"comment_status":"closed","ping_status":"closed","template":"page-template\/right-sidebar.php","meta":{"footnotes":""},"yoast_head":"<!-- This site is optimized with the Yoast SEO plugin v19.12 - https:\/\/yoast.com\/wordpress\/plugins\/seo\/ -->\n<title>EXPRESS KROVINI\u0172 PERVE\u017dIMAS -<\/title>\n<meta name=\"description\" content=\"UAB \u201eAineda transport\u201c \u2013 \u012fkurta 2006 m. ir s\u0117kmingai veikianti transporto paslaug\u0173 bendrov\u0117, reguliariai organizuojanti express (degan\u010di\u0173) krovini\u0173, dalini\u0173 krovini\u0173, termo krovini\u0173, piln\u0173 krovini\u0173 perve\u017eimus \u012f\/i\u0161 visos ES ir ne tik.\" \/>\n<meta name=\"robots\" content=\"index, follow, max-snippet:-1, max-image-preview:large, max-video-preview:-1\" \/>\n<link rel=\"canonical\" href=\"http:\/\/www.ainedatransport.lt\/lt\/express-kroviniu-pervezimas\/\" \/>\n<meta property=\"og:locale\" content=\"lt_LT\" \/>\n<meta property=\"og:type\" content=\"article\" \/>\n<meta property=\"og:title\" content=\"EXPRESS KROVINI\u0172 PERVE\u017dIMAS -\" \/>\n<meta property=\"og:description\" content=\"UAB \u201eAineda transport\u201c \u2013 \u012fkurta 2006 m. ir s\u0117kmingai veikianti transporto paslaug\u0173 bendrov\u0117, reguliariai organizuojanti express (degan\u010di\u0173) krovini\u0173, dalini\u0173 krovini\u0173, termo krovini\u0173, piln\u0173 krovini\u0173 perve\u017eimus \u012f\/i\u0161 visos ES ir ne tik.\" \/>\n<meta property=\"og:url\" content=\"http:\/\/www.ainedatransport.lt\/lt\/express-kroviniu-pervezimas\/\" \/>\n<meta property=\"article:modified_time\" content=\"2022-12-19T06:52:20+00:00\" \/>\n<meta property=\"og:image\" content=\"https:\/\/www.ainedatransport.lt\/wp-content\/uploads\/2022\/12\/DUCATO-MAXXI1-2.jpg\" \/>\n<meta name=\"twitter:card\" content=\"summary_large_image\" \/>\n<meta name=\"twitter:label1\" content=\"Est. reading time\" \/>\n\t<meta name=\"twitter:data1\" content=\"2 minut\u0117s\" \/>\n<script type=\"application\/ld+json\" class=\"yoast-schema-graph\">{\"@context\":\"https:\/\/schema.org\",\"@graph\":[{\"@type\":\"WebPage\",\"@id\":\"http:\/\/www.ainedatransport.lt\/lt\/express-kroviniu-pervezimas\/\",\"url\":\"http:\/\/www.ainedatransport.lt\/lt\/express-kroviniu-pervezimas\/\",\"name\":\"EXPRESS KROVINI\u0172 PERVE\u017dIMAS -\",\"isPartOf\":{\"@id\":\"https:\/\/www.ainedatransport.lt\/lt\/#website\"},\"datePublished\":\"2022-12-06T06:32:21+00:00\",\"dateModified\":\"2022-12-19T06:52:20+00:00\",\"description\":\"UAB \u201eAineda transport\u201c \u2013 \u012fkurta 2006 m. ir s\u0117kmingai veikianti transporto paslaug\u0173 bendrov\u0117, reguliariai organizuojanti express (degan\u010di\u0173) krovini\u0173, dalini\u0173 krovini\u0173, termo krovini\u0173, piln\u0173 krovini\u0173 perve\u017eimus \u012f\/i\u0161 visos ES ir ne tik.\",\"breadcrumb\":{\"@id\":\"http:\/\/www.ainedatransport.lt\/lt\/express-kroviniu-pervezimas\/#breadcrumb\"},\"inLanguage\":\"lt-LT\",\"potentialAction\":[{\"@type\":\"ReadAction\",\"target\":[\"http:\/\/www.ainedatransport.lt\/lt\/express-kroviniu-pervezimas\/\"]}]},{\"@type\":\"BreadcrumbList\",\"@id\":\"http:\/\/www.ainedatransport.lt\/lt\/express-kroviniu-pervezimas\/#breadcrumb\",\"itemListElement\":[{\"@type\":\"ListItem\",\"position\":1,\"name\":\"Home\",\"item\":\"http:\/\/www.ainedatransport.lt\/lt\/\"},{\"@type\":\"ListItem\",\"position\":2,\"name\":\"EXPRESS KROVINI\u0172 PERVE\u017dIMAS\"}]},{\"@type\":\"WebSite\",\"@id\":\"https:\/\/www.ainedatransport.lt\/lt\/#website\",\"url\":\"https:\/\/www.ainedatransport.lt\/lt\/\",\"name\":\"Aineda Transport\",\"description\":\"\",\"publisher\":{\"@id\":\"https:\/\/www.ainedatransport.lt\/lt\/#organization\"},\"potentialAction\":[{\"@type\":\"SearchAction\",\"target\":{\"@type\":\"EntryPoint\",\"urlTemplate\":\"https:\/\/www.ainedatransport.lt\/lt\/?s={search_term_string}\"},\"query-input\":\"required name=search_term_string\"}],\"inLanguage\":\"lt-LT\"},{\"@type\":\"Organization\",\"@id\":\"https:\/\/www.ainedatransport.lt\/lt\/#organization\",\"name\":\"Aineda Transport\",\"url\":\"https:\/\/www.ainedatransport.lt\/lt\/\",\"logo\":{\"@type\":\"ImageObject\",\"inLanguage\":\"lt-LT\",\"@id\":\"https:\/\/www.ainedatransport.lt\/lt\/#\/schema\/logo\/image\/\",\"url\":\"https:\/\/www.ainedatransport.lt\/wp-content\/uploads\/2022\/12\/cropped-aineda.png\",\"contentUrl\":\"https:\/\/www.ainedatransport.lt\/wp-content\/uploads\/2022\/12\/cropped-aineda.png\",\"width\":240,\"height\":90,\"caption\":\"Aineda Transport\"},\"image\":{\"@id\":\"https:\/\/www.ainedatransport.lt\/lt\/#\/schema\/logo\/image\/\"}}]}<\/script>\n<!-- \/ Yoast SEO plugin. -->","yoast_head_json":{"title":"EXPRESS KROVINI\u0172 PERVE\u017dIMAS -","description":"UAB \u201eAineda transport\u201c \u2013 \u012fkurta 2006 m. ir s\u0117kmingai veikianti transporto paslaug\u0173 bendrov\u0117, reguliariai organizuojanti express (degan\u010di\u0173) krovini\u0173, dalini\u0173 krovini\u0173, termo krovini\u0173, piln\u0173 krovini\u0173 perve\u017eimus \u012f\/i\u0161 visos ES ir ne tik.","robots":{"index":"index","follow":"follow","max-snippet":"max-snippet:-1","max-image-preview":"max-image-preview:large","max-video-preview":"max-video-preview:-1"},"canonical":"http:\/\/www.ainedatransport.lt\/lt\/express-kroviniu-pervezimas\/","og_locale":"lt_LT","og_type":"article","og_title":"EXPRESS KROVINI\u0172 PERVE\u017dIMAS -","og_description":"UAB \u201eAineda transport\u201c \u2013 \u012fkurta 2006 m. ir s\u0117kmingai veikianti transporto paslaug\u0173 bendrov\u0117, reguliariai organizuojanti express (degan\u010di\u0173) krovini\u0173, dalini\u0173 krovini\u0173, termo krovini\u0173, piln\u0173 krovini\u0173 perve\u017eimus \u012f\/i\u0161 visos ES ir ne tik.","og_url":"http:\/\/www.ainedatransport.lt\/lt\/express-kroviniu-pervezimas\/","article_modified_time":"2022-12-19T06:52:20+00:00","og_image":[{"url":"https:\/\/www.ainedatransport.lt\/wp-content\/uploads\/2022\/12\/DUCATO-MAXXI1-2.jpg"}],"twitter_card":"summary_large_image","twitter_misc":{"Est. reading time":"2 minut\u0117s"},"schema":{"@context":"https:\/\/schema.org","@graph":[{"@type":"WebPage","@id":"http:\/\/www.ainedatransport.lt\/lt\/express-kroviniu-pervezimas\/","url":"http:\/\/www.ainedatransport.lt\/lt\/express-kroviniu-pervezimas\/","name":"EXPRESS KROVINI\u0172 PERVE\u017dIMAS -","isPartOf":{"@id":"https:\/\/www.ainedatransport.lt\/lt\/#website"},"datePublished":"2022-12-06T06:32:21+00:00","dateModified":"2022-12-19T06:52:20+00:00","description":"UAB \u201eAineda transport\u201c \u2013 \u012fkurta 2006 m. ir s\u0117kmingai veikianti transporto paslaug\u0173 bendrov\u0117, reguliariai organizuojanti express (degan\u010di\u0173) krovini\u0173, dalini\u0173 krovini\u0173, termo krovini\u0173, piln\u0173 krovini\u0173 perve\u017eimus \u012f\/i\u0161 visos ES ir ne tik.","breadcrumb":{"@id":"http:\/\/www.ainedatransport.lt\/lt\/express-kroviniu-pervezimas\/#breadcrumb"},"inLanguage":"lt-LT","potentialAction":[{"@type":"ReadAction","target":["http:\/\/www.ainedatransport.lt\/lt\/express-kroviniu-pervezimas\/"]}]},{"@type":"BreadcrumbList","@id":"http:\/\/www.ainedatransport.lt\/lt\/express-kroviniu-pervezimas\/#breadcrumb","itemListElement":[{"@type":"ListItem","position":1,"name":"Home","item":"http:\/\/www.ainedatransport.lt\/lt\/"},{"@type":"ListItem","position":2,"name":"EXPRESS KROVINI\u0172 PERVE\u017dIMAS"}]},{"@type":"WebSite","@id":"https:\/\/www.ainedatransport.lt\/lt\/#website","url":"https:\/\/www.ainedatransport.lt\/lt\/","name":"Aineda Transport","description":"","publisher":{"@id":"https:\/\/www.ainedatransport.lt\/lt\/#organization"},"potentialAction":[{"@type":"SearchAction","target":{"@type":"EntryPoint","urlTemplate":"https:\/\/www.ainedatransport.lt\/lt\/?s={search_term_string}"},"query-input":"required name=search_term_string"}],"inLanguage":"lt-LT"},{"@type":"Organization","@id":"https:\/\/www.ainedatransport.lt\/lt\/#organization","name":"Aineda Transport","url":"https:\/\/www.ainedatransport.lt\/lt\/","logo":{"@type":"ImageObject","inLanguage":"lt-LT","@id":"https:\/\/www.ainedatransport.lt\/lt\/#\/schema\/logo\/image\/","url":"https:\/\/www.ainedatransport.lt\/wp-content\/uploads\/2022\/12\/cropped-aineda.png","contentUrl":"https:\/\/www.ainedatransport.lt\/wp-content\/uploads\/2022\/12\/cropped-aineda.png","width":240,"height":90,"caption":"Aineda Transport"},"image":{"@id":"https:\/\/www.ainedatransport.lt\/lt\/#\/schema\/logo\/image\/"}}]}},"_links":{"self":[{"href":"https:\/\/www.ainedatransport.lt\/lt\/wp-json\/wp\/v2\/pages\/13"}],"collection":[{"href":"https:\/\/www.ainedatransport.lt\/lt\/wp-json\/wp\/v2\/pages"}],"about":[{"href":"https:\/\/www.ainedatransport.lt\/lt\/wp-json\/wp\/v2\/types\/page"}],"author":[{"embeddable":true,"href":"https:\/\/www.ainedatransport.lt\/lt\/wp-json\/wp\/v2\/users\/1"}],"replies":[{"embeddable":true,"href":"https:\/\/www.ainedatransport.lt\/lt\/wp-json\/wp\/v2\/comments?post=13"}],"version-history":[{"count":4,"href":"https:\/\/www.ainedatransport.lt\/lt\/wp-json\/wp\/v2\/pages\/13\/revisions"}],"predecessor-version":[{"id":76,"href":"https:\/\/www.ainedatransport.lt\/lt\/wp-json\/wp\/v2\/pages\/13\/revisions\/76"}],"wp:attachment":[{"href":"https:\/\/www.ainedatransport.lt\/lt\/wp-json\/wp\/v2\/media?parent=13"}],"curies":[{"name":"wp","href":"https:\/\/api.w.org\/{rel}","templated":true}]}}