{"id":5,"date":"2022-12-06T06:21:14","date_gmt":"2022-12-06T06:21:14","guid":{"rendered":"https:\/\/www.ainedatransport.lt\/?page_id=5"},"modified":"2022-12-23T14:42:54","modified_gmt":"2022-12-23T14:42:54","slug":"apie-mus","status":"publish","type":"page","link":"https:\/\/www.ainedatransport.lt\/en\/","title":{"rendered":"About us"},"content":{"rendered":"<figure class=\"wp-block-image size-full is-resized\"><img loading=\"lazy\" decoding=\"async\" src=\"https:\/\/www.ainedatransport.lt\/wp-content\/uploads\/2022\/12\/truck-2591007.jpg\" alt=\"\" class=\"wp-image-116\" width=\"1440\" height=\"960\" srcset=\"https:\/\/www.ainedatransport.lt\/wp-content\/uploads\/2022\/12\/truck-2591007.jpg 1920w, https:\/\/www.ainedatransport.lt\/wp-content\/uploads\/2022\/12\/truck-2591007-300x200.jpg 300w, https:\/\/www.ainedatransport.lt\/wp-content\/uploads\/2022\/12\/truck-2591007-1024x683.jpg 1024w, https:\/\/www.ainedatransport.lt\/wp-content\/uploads\/2022\/12\/truck-2591007-768x512.jpg 768w, https:\/\/www.ainedatransport.lt\/wp-content\/uploads\/2022\/12\/truck-2591007-1536x1024.jpg 1536w, https:\/\/www.ainedatransport.lt\/wp-content\/uploads\/2022\/12\/truck-2591007-18x12.jpg 18w\" sizes=\"(max-width: 1440px) 100vw, 1440px\" \/><\/figure>\n\n\n\n<p><strong>UAB \u201eAineda transport\u201c<\/strong>&nbsp;was established in 2006. Since than we grown into successful transport service company.&nbsp;<strong>We organize express cargo, partial cargo, thermal cargo, full cargo transport&nbsp;<\/strong>to \/ from EU and other Europe countries.<\/p>\n\n\n\n<p>Thanks to the experience of our employees, we quickly gained the trust of cargo owners and partners. We try to justify it with a serious approach to work: we listen to the individual needs of each client and respond quickly to emerging problems.<\/p>\n\n\n\n<p>We offer an optimal transport solution&nbsp;<strong>based on the client\u2019s wishes and ensure safe door-to-door transportation of cargo throughout the process.<\/strong>&nbsp;\u2800<\/p>\n\n\n\n<p><strong>Why work with us?<\/strong><\/p>\n\n\n\n<ul>\n<li><strong>We respond promptly<\/strong>&nbsp;to every proposal or inquiry.<\/li>\n\n\n\n<li>We&nbsp;<strong>value all customers same<\/strong>&nbsp;no matter how many cargos they offer.<\/li>\n\n\n\n<li><strong>Our goal&nbsp;<\/strong>is to gain and maintain customer confidence. This is done by listening to the individual needs of each client. We become known in Lithuania and beyond as a company providing quality services.<\/li>\n\n\n\n<li><strong>Advantages of the company:&nbsp;<\/strong>long-term experience in the market of cargo transportation, professionalism in providing high quality services, flexibility in meeting individual needs of clients.<\/li>\n\n\n\n<li><strong>The mission of the company:<\/strong>&nbsp;to be a reliable partner, to provide a high quality transport services, to consider the individual needs of the client.<\/li>\n<\/ul>\n\n\n\n<p><strong>Together, we can go a step further.<br>Our advantage is mobility. We can deliver your cargo in a very short time.<\/strong><\/p>","protected":false},"excerpt":{"rendered":"<p>UAB \u201eAineda transport\u201c&nbsp;\u2013 \u012fkurta 2006 m. ir s\u0117kmingai veikianti transporto paslaug\u0173 bendrov\u0117, reguliariai organizuojanti&nbsp;express (degan\u010di\u0173) krovini\u0173, dalini\u0173 krovini\u0173, termo krovini\u0173, piln\u0173 krovini\u0173 perve\u017eimus&nbsp;\u012f\/i\u0161 visos ES ir ne tik. M\u016bs\u0173 darbuotoj\u0173 sukauptos patirties d\u0117ka greitai peln\u0117me krovini\u0173 savinink\u0173, partneri\u0173 pasitik\u0117jim\u0105. J\u012f stengiam\u0117s pateisinti&nbsp;rimtu po\u017ei\u016briu \u012f darb\u0105: \u012fsiklausome \u012f individualius kiekvieno kliento poreikius bei greitai reaguojame \u012f [&hellip;]<\/p>","protected":false},"author":1,"featured_media":0,"parent":0,"menu_order":0,"comment_status":"closed","ping_status":"closed","template":"","meta":{"footnotes":""},"yoast_head":"<!-- This site is optimized with the Yoast SEO plugin v19.12 - https:\/\/yoast.com\/wordpress\/plugins\/seo\/ -->\n<title>Apie mus -<\/title>\n<meta name=\"description\" content=\"UAB \u201eAineda transport\u201c \u2013 \u012fkurta 2006 m. ir s\u0117kmingai veikianti transporto paslaug\u0173 bendrov\u0117, reguliariai organizuojanti express (degan\u010di\u0173) krovini\u0173, dalini\u0173 krovini\u0173, termo krovini\u0173, piln\u0173 krovini\u0173 perve\u017eimus \u012f\/i\u0161 visos ES ir ne tik.\" \/>\n<meta name=\"robots\" content=\"index, follow, max-snippet:-1, max-image-preview:large, max-video-preview:-1\" \/>\n<link rel=\"canonical\" href=\"https:\/\/www.ainedatransport.lt\/en\/\" \/>\n<meta property=\"og:locale\" content=\"en_US\" \/>\n<meta property=\"og:type\" content=\"article\" \/>\n<meta property=\"og:title\" content=\"Apie mus -\" \/>\n<meta property=\"og:description\" content=\"UAB \u201eAineda transport\u201c \u2013 \u012fkurta 2006 m. ir s\u0117kmingai veikianti transporto paslaug\u0173 bendrov\u0117, reguliariai organizuojanti express (degan\u010di\u0173) krovini\u0173, dalini\u0173 krovini\u0173, termo krovini\u0173, piln\u0173 krovini\u0173 perve\u017eimus \u012f\/i\u0161 visos ES ir ne tik.\" \/>\n<meta property=\"og:url\" content=\"https:\/\/www.ainedatransport.lt\/en\/\" \/>\n<meta property=\"article:modified_time\" content=\"2022-12-23T14:42:54+00:00\" \/>\n<meta property=\"og:image\" content=\"https:\/\/www.ainedatransport.lt\/wp-content\/uploads\/2022\/12\/truck-2591007.jpg\" \/>\n<meta name=\"twitter:card\" content=\"summary_large_image\" \/>\n<meta name=\"twitter:label1\" content=\"Est. reading time\" \/>\n\t<meta name=\"twitter:data1\" content=\"2 minutes\" \/>\n<script type=\"application\/ld+json\" class=\"yoast-schema-graph\">{\"@context\":\"https:\/\/schema.org\",\"@graph\":[{\"@type\":\"WebPage\",\"@id\":\"https:\/\/www.ainedatransport.lt\/en\/\",\"url\":\"https:\/\/www.ainedatransport.lt\/en\/\",\"name\":\"Apie mus -\",\"isPartOf\":{\"@id\":\"https:\/\/www.ainedatransport.lt\/en\/#website\"},\"datePublished\":\"2022-12-06T06:21:14+00:00\",\"dateModified\":\"2022-12-23T14:42:54+00:00\",\"description\":\"UAB \u201eAineda transport\u201c \u2013 \u012fkurta 2006 m. ir s\u0117kmingai veikianti transporto paslaug\u0173 bendrov\u0117, reguliariai organizuojanti express (degan\u010di\u0173) krovini\u0173, dalini\u0173 krovini\u0173, termo krovini\u0173, piln\u0173 krovini\u0173 perve\u017eimus \u012f\/i\u0161 visos ES ir ne tik.\",\"breadcrumb\":{\"@id\":\"https:\/\/www.ainedatransport.lt\/en\/#breadcrumb\"},\"inLanguage\":\"en-US\",\"potentialAction\":[{\"@type\":\"ReadAction\",\"target\":[\"https:\/\/www.ainedatransport.lt\/en\/\"]}]},{\"@type\":\"BreadcrumbList\",\"@id\":\"https:\/\/www.ainedatransport.lt\/en\/#breadcrumb\",\"itemListElement\":[{\"@type\":\"ListItem\",\"position\":1,\"name\":\"Home\",\"item\":\"https:\/\/www.ainedatransport.lt\/en\/\"},{\"@type\":\"ListItem\",\"position\":2,\"name\":\"Apie mus\"}]},{\"@type\":\"WebSite\",\"@id\":\"https:\/\/www.ainedatransport.lt\/en\/#website\",\"url\":\"https:\/\/www.ainedatransport.lt\/en\/\",\"name\":\"Aineda Transport\",\"description\":\"\",\"publisher\":{\"@id\":\"https:\/\/www.ainedatransport.lt\/en\/#organization\"},\"potentialAction\":[{\"@type\":\"SearchAction\",\"target\":{\"@type\":\"EntryPoint\",\"urlTemplate\":\"https:\/\/www.ainedatransport.lt\/en\/?s={search_term_string}\"},\"query-input\":\"required name=search_term_string\"}],\"inLanguage\":\"en-US\"},{\"@type\":\"Organization\",\"@id\":\"https:\/\/www.ainedatransport.lt\/en\/#organization\",\"name\":\"Aineda Transport\",\"url\":\"https:\/\/www.ainedatransport.lt\/en\/\",\"logo\":{\"@type\":\"ImageObject\",\"inLanguage\":\"en-US\",\"@id\":\"https:\/\/www.ainedatransport.lt\/en\/#\/schema\/logo\/image\/\",\"url\":\"https:\/\/www.ainedatransport.lt\/wp-content\/uploads\/2022\/12\/cropped-aineda.png\",\"contentUrl\":\"https:\/\/www.ainedatransport.lt\/wp-content\/uploads\/2022\/12\/cropped-aineda.png\",\"width\":240,\"height\":90,\"caption\":\"Aineda Transport\"},\"image\":{\"@id\":\"https:\/\/www.ainedatransport.lt\/en\/#\/schema\/logo\/image\/\"}}]}<\/script>\n<!-- \/ Yoast SEO plugin. -->","yoast_head_json":{"title":"Apie mus -","description":"UAB \u201eAineda transport\u201c \u2013 \u012fkurta 2006 m. ir s\u0117kmingai veikianti transporto paslaug\u0173 bendrov\u0117, reguliariai organizuojanti express (degan\u010di\u0173) krovini\u0173, dalini\u0173 krovini\u0173, termo krovini\u0173, piln\u0173 krovini\u0173 perve\u017eimus \u012f\/i\u0161 visos ES ir ne tik.","robots":{"index":"index","follow":"follow","max-snippet":"max-snippet:-1","max-image-preview":"max-image-preview:large","max-video-preview":"max-video-preview:-1"},"canonical":"https:\/\/www.ainedatransport.lt\/en\/","og_locale":"en_US","og_type":"article","og_title":"Apie mus -","og_description":"UAB \u201eAineda transport\u201c \u2013 \u012fkurta 2006 m. ir s\u0117kmingai veikianti transporto paslaug\u0173 bendrov\u0117, reguliariai organizuojanti express (degan\u010di\u0173) krovini\u0173, dalini\u0173 krovini\u0173, termo krovini\u0173, piln\u0173 krovini\u0173 perve\u017eimus \u012f\/i\u0161 visos ES ir ne tik.","og_url":"https:\/\/www.ainedatransport.lt\/en\/","article_modified_time":"2022-12-23T14:42:54+00:00","og_image":[{"url":"https:\/\/www.ainedatransport.lt\/wp-content\/uploads\/2022\/12\/truck-2591007.jpg"}],"twitter_card":"summary_large_image","twitter_misc":{"Est. reading time":"2 minutes"},"schema":{"@context":"https:\/\/schema.org","@graph":[{"@type":"WebPage","@id":"https:\/\/www.ainedatransport.lt\/en\/","url":"https:\/\/www.ainedatransport.lt\/en\/","name":"Apie mus -","isPartOf":{"@id":"https:\/\/www.ainedatransport.lt\/en\/#website"},"datePublished":"2022-12-06T06:21:14+00:00","dateModified":"2022-12-23T14:42:54+00:00","description":"UAB \u201eAineda transport\u201c \u2013 \u012fkurta 2006 m. ir s\u0117kmingai veikianti transporto paslaug\u0173 bendrov\u0117, reguliariai organizuojanti express (degan\u010di\u0173) krovini\u0173, dalini\u0173 krovini\u0173, termo krovini\u0173, piln\u0173 krovini\u0173 perve\u017eimus \u012f\/i\u0161 visos ES ir ne tik.","breadcrumb":{"@id":"https:\/\/www.ainedatransport.lt\/en\/#breadcrumb"},"inLanguage":"en-US","potentialAction":[{"@type":"ReadAction","target":["https:\/\/www.ainedatransport.lt\/en\/"]}]},{"@type":"BreadcrumbList","@id":"https:\/\/www.ainedatransport.lt\/en\/#breadcrumb","itemListElement":[{"@type":"ListItem","position":1,"name":"Home","item":"https:\/\/www.ainedatransport.lt\/en\/"},{"@type":"ListItem","position":2,"name":"Apie mus"}]},{"@type":"WebSite","@id":"https:\/\/www.ainedatransport.lt\/en\/#website","url":"https:\/\/www.ainedatransport.lt\/en\/","name":"Aineda Transport","description":"","publisher":{"@id":"https:\/\/www.ainedatransport.lt\/en\/#organization"},"potentialAction":[{"@type":"SearchAction","target":{"@type":"EntryPoint","urlTemplate":"https:\/\/www.ainedatransport.lt\/en\/?s={search_term_string}"},"query-input":"required name=search_term_string"}],"inLanguage":"en-US"},{"@type":"Organization","@id":"https:\/\/www.ainedatransport.lt\/en\/#organization","name":"Aineda Transport","url":"https:\/\/www.ainedatransport.lt\/en\/","logo":{"@type":"ImageObject","inLanguage":"en-US","@id":"https:\/\/www.ainedatransport.lt\/en\/#\/schema\/logo\/image\/","url":"https:\/\/www.ainedatransport.lt\/wp-content\/uploads\/2022\/12\/cropped-aineda.png","contentUrl":"https:\/\/www.ainedatransport.lt\/wp-content\/uploads\/2022\/12\/cropped-aineda.png","width":240,"height":90,"caption":"Aineda Transport"},"image":{"@id":"https:\/\/www.ainedatransport.lt\/en\/#\/schema\/logo\/image\/"}}]}},"_links":{"self":[{"href":"https:\/\/www.ainedatransport.lt\/en\/wp-json\/wp\/v2\/pages\/5"}],"collection":[{"href":"https:\/\/www.ainedatransport.lt\/en\/wp-json\/wp\/v2\/pages"}],"about":[{"href":"https:\/\/www.ainedatransport.lt\/en\/wp-json\/wp\/v2\/types\/page"}],"author":[{"embeddable":true,"href":"https:\/\/www.ainedatransport.lt\/en\/wp-json\/wp\/v2\/users\/1"}],"replies":[{"embeddable":true,"href":"https:\/\/www.ainedatransport.lt\/en\/wp-json\/wp\/v2\/comments?post=5"}],"version-history":[{"count":9,"href":"https:\/\/www.ainedatransport.lt\/en\/wp-json\/wp\/v2\/pages\/5\/revisions"}],"predecessor-version":[{"id":126,"href":"https:\/\/www.ainedatransport.lt\/en\/wp-json\/wp\/v2\/pages\/5\/revisions\/126"}],"wp:attachment":[{"href":"https:\/\/www.ainedatransport.lt\/en\/wp-json\/wp\/v2\/media?parent=5"}],"curies":[{"name":"wp","href":"https:\/\/api.w.org\/{rel}","templated":true}]}}