{"id":17,"date":"2022-12-06T06:32:50","date_gmt":"2022-12-06T06:32:50","guid":{"rendered":"https:\/\/www.ainedatransport.lt\/?page_id=17"},"modified":"2022-12-23T16:35:21","modified_gmt":"2022-12-23T16:35:21","slug":"musu-transportas","status":"publish","type":"page","link":"https:\/\/www.ainedatransport.lt\/en\/musu-transportas\/","title":{"rendered":"OUR TRANSPORT"},"content":{"rendered":"<p>Our vehicles are technically in order, complying with&nbsp;<strong>EURO4 , EURO5&nbsp;<\/strong>and<strong>&nbsp;EURO6&nbsp;<\/strong>standards. Equipped with all the necessary equipment for safe cargo transportation&nbsp;<strong>cargo securing belts, cell phones, navigation, GPS tracking system&nbsp;<\/strong>(security)<strong>GSM phones<\/strong>,&nbsp;<strong>CRM insurance<\/strong>.<\/p>\n\n\n\n<p><strong>Our transport carries cargo of the following volume:<\/strong><\/p>\n\n\n\n<figure class=\"wp-block-image size-large\"><img loading=\"lazy\" decoding=\"async\" width=\"1024\" height=\"683\" src=\"https:\/\/www.ainedatransport.lt\/wp-content\/uploads\/2022\/12\/merc-1024x683.jpg\" alt=\"\" class=\"wp-image-127\" srcset=\"https:\/\/www.ainedatransport.lt\/wp-content\/uploads\/2022\/12\/merc-1024x683.jpg 1024w, https:\/\/www.ainedatransport.lt\/wp-content\/uploads\/2022\/12\/merc-300x200.jpg 300w, https:\/\/www.ainedatransport.lt\/wp-content\/uploads\/2022\/12\/merc-768x512.jpg 768w, https:\/\/www.ainedatransport.lt\/wp-content\/uploads\/2022\/12\/merc-1536x1024.jpg 1536w, https:\/\/www.ainedatransport.lt\/wp-content\/uploads\/2022\/12\/merc-2048x1365.jpg 2048w, https:\/\/www.ainedatransport.lt\/wp-content\/uploads\/2022\/12\/merc-18x12.jpg 18w\" sizes=\"(max-width: 1024px) 100vw, 1024px\" \/><\/figure>\n\n\n\n<p>\u2013&nbsp;<strong>Minibuses:<\/strong>&nbsp;&nbsp;<strong>up to 1600 kg, up to 5 EURO PALLETS&nbsp;<\/strong>(120x80x185cm), up to 14m\u00b3.<\/p>\n\n\n\n<figure class=\"wp-block-image size-large\"><img loading=\"lazy\" decoding=\"async\" width=\"1024\" height=\"683\" src=\"https:\/\/www.ainedatransport.lt\/wp-content\/uploads\/2022\/12\/renault-1024x683.jpg\" alt=\"\" class=\"wp-image-128\" srcset=\"https:\/\/www.ainedatransport.lt\/wp-content\/uploads\/2022\/12\/renault-1024x683.jpg 1024w, https:\/\/www.ainedatransport.lt\/wp-content\/uploads\/2022\/12\/renault-300x200.jpg 300w, https:\/\/www.ainedatransport.lt\/wp-content\/uploads\/2022\/12\/renault-768x512.jpg 768w, https:\/\/www.ainedatransport.lt\/wp-content\/uploads\/2022\/12\/renault-1536x1024.jpg 1536w, https:\/\/www.ainedatransport.lt\/wp-content\/uploads\/2022\/12\/renault-2048x1365.jpg 2048w, https:\/\/www.ainedatransport.lt\/wp-content\/uploads\/2022\/12\/renault-18x12.jpg 18w\" sizes=\"(max-width: 1024px) 100vw, 1024px\" \/><\/figure>\n\n\n\n<p>\u2013&nbsp;<strong>Tent minibuses:&nbsp;<\/strong>&nbsp;<strong>up to 1600 kg, up to 5 EURO PALLETS<\/strong>&nbsp;(120x80x225cm), up to 20m\u00b3.<\/p>\n\n\n\n<figure class=\"wp-block-image size-large\"><img loading=\"lazy\" decoding=\"async\" width=\"1024\" height=\"683\" src=\"https:\/\/www.ainedatransport.lt\/wp-content\/uploads\/2022\/12\/gabriel-santos-GBVDilE8yvI-unsplash-1024x683.jpg\" alt=\"\" class=\"wp-image-129\" srcset=\"https:\/\/www.ainedatransport.lt\/wp-content\/uploads\/2022\/12\/gabriel-santos-GBVDilE8yvI-unsplash-1024x683.jpg 1024w, https:\/\/www.ainedatransport.lt\/wp-content\/uploads\/2022\/12\/gabriel-santos-GBVDilE8yvI-unsplash-300x200.jpg 300w, https:\/\/www.ainedatransport.lt\/wp-content\/uploads\/2022\/12\/gabriel-santos-GBVDilE8yvI-unsplash-768x512.jpg 768w, https:\/\/www.ainedatransport.lt\/wp-content\/uploads\/2022\/12\/gabriel-santos-GBVDilE8yvI-unsplash-1536x1024.jpg 1536w, https:\/\/www.ainedatransport.lt\/wp-content\/uploads\/2022\/12\/gabriel-santos-GBVDilE8yvI-unsplash-2048x1365.jpg 2048w, https:\/\/www.ainedatransport.lt\/wp-content\/uploads\/2022\/12\/gabriel-santos-GBVDilE8yvI-unsplash-18x12.jpg 18w\" sizes=\"(max-width: 1024px) 100vw, 1024px\" \/><\/figure>\n\n\n\n<p>\u2013&nbsp;<strong>Sunkve\u017eimiai iki 34 EURO PALE\u010cI\u0172, iki 24000kg,<\/strong><br><strong>Together, we can go a step further.<br>Our advantage is mobility. We can deliver your cargo in a very short time.<\/strong><\/p>","protected":false},"excerpt":{"rendered":"<p>M\u016bs\u0173 transporto priemon\u0117s \u2013 techni\u0161kai tvarkingos turin\u010dios&nbsp;EURO5&nbsp;ir&nbsp;EURO6&nbsp;standartus. Apr\u016bpintos visa reikiama \u012franga saugiam krovini\u0173 perve\u017eimui:&nbsp;krovinio tvirtinimo dir\u017eai, GPS sekimo sistema&nbsp;(apsaugos centras), navigacijos, GSM telefonai,&nbsp;CMR draudimas. M\u016bs\u0173 transportas ve\u017ea tokios apimties krovinius: \u2013&nbsp;Mikroautobusai:&nbsp;&nbsp;iki 1600 kg, iki 7 EURO PALE\u010cI\u0172&nbsp;(120x80x185cm), iki 14m\u00b3. \u2013&nbsp;Tentiniai mikroautobusai:&nbsp;&nbsp;iki 1600 kg, iki 8 EURO PALE\u010cI\u0172&nbsp;(120x80x225cm), iki 20m\u00b3. \u2013&nbsp;Sunkve\u017eimiai iki 34 EURO PALE\u010cI\u0172, iki [&hellip;]<\/p>","protected":false},"author":1,"featured_media":0,"parent":0,"menu_order":0,"comment_status":"closed","ping_status":"closed","template":"page-template\/right-sidebar.php","meta":{"footnotes":""},"yoast_head":"<!-- This site is optimized with the Yoast SEO plugin v19.12 - https:\/\/yoast.com\/wordpress\/plugins\/seo\/ -->\n<title>M\u016aS\u0172 TRANSPORTAS -<\/title>\n<meta name=\"description\" content=\"M\u016bs\u0173 transporto priemon\u0117s \u2013 techni\u0161kai tvarkingos turin\u010dios EURO5 ir EURO6 standartus. Apr\u016bpintos visa reikiama \u012franga saugiam krovini\u0173 perve\u017eimui: krovinio tvirtinimo dir\u017eai, GPS sekimo sistema (apsaugos centras), navigacijos, GSM telefonai, CMR draudimas.\" \/>\n<meta name=\"robots\" content=\"index, follow, max-snippet:-1, max-image-preview:large, max-video-preview:-1\" \/>\n<link rel=\"canonical\" href=\"https:\/\/www.ainedatransport.lt\/en\/musu-transportas\/\" \/>\n<meta property=\"og:locale\" content=\"en_US\" \/>\n<meta property=\"og:type\" content=\"article\" \/>\n<meta property=\"og:title\" content=\"M\u016aS\u0172 TRANSPORTAS -\" \/>\n<meta property=\"og:description\" content=\"M\u016bs\u0173 transporto priemon\u0117s \u2013 techni\u0161kai tvarkingos turin\u010dios EURO5 ir EURO6 standartus. Apr\u016bpintos visa reikiama \u012franga saugiam krovini\u0173 perve\u017eimui: krovinio tvirtinimo dir\u017eai, GPS sekimo sistema (apsaugos centras), navigacijos, GSM telefonai, CMR draudimas.\" \/>\n<meta property=\"og:url\" content=\"https:\/\/www.ainedatransport.lt\/en\/musu-transportas\/\" \/>\n<meta property=\"article:modified_time\" content=\"2022-12-23T16:35:21+00:00\" \/>\n<meta property=\"og:image\" content=\"https:\/\/www.ainedatransport.lt\/wp-content\/uploads\/2022\/12\/merc-1024x683.jpg\" \/>\n<meta name=\"twitter:card\" content=\"summary_large_image\" \/>\n<meta name=\"twitter:label1\" content=\"Est. reading time\" \/>\n\t<meta name=\"twitter:data1\" content=\"1 minute\" \/>\n<script type=\"application\/ld+json\" class=\"yoast-schema-graph\">{\"@context\":\"https:\/\/schema.org\",\"@graph\":[{\"@type\":\"WebPage\",\"@id\":\"https:\/\/www.ainedatransport.lt\/en\/musu-transportas\/\",\"url\":\"https:\/\/www.ainedatransport.lt\/en\/musu-transportas\/\",\"name\":\"M\u016aS\u0172 TRANSPORTAS -\",\"isPartOf\":{\"@id\":\"https:\/\/www.ainedatransport.lt\/en\/#website\"},\"datePublished\":\"2022-12-06T06:32:50+00:00\",\"dateModified\":\"2022-12-23T16:35:21+00:00\",\"description\":\"M\u016bs\u0173 transporto priemon\u0117s \u2013 techni\u0161kai tvarkingos turin\u010dios EURO5 ir EURO6 standartus. Apr\u016bpintos visa reikiama \u012franga saugiam krovini\u0173 perve\u017eimui: krovinio tvirtinimo dir\u017eai, GPS sekimo sistema (apsaugos centras), navigacijos, GSM telefonai, CMR draudimas.\",\"breadcrumb\":{\"@id\":\"https:\/\/www.ainedatransport.lt\/en\/musu-transportas\/#breadcrumb\"},\"inLanguage\":\"en-US\",\"potentialAction\":[{\"@type\":\"ReadAction\",\"target\":[\"https:\/\/www.ainedatransport.lt\/en\/musu-transportas\/\"]}]},{\"@type\":\"BreadcrumbList\",\"@id\":\"https:\/\/www.ainedatransport.lt\/en\/musu-transportas\/#breadcrumb\",\"itemListElement\":[{\"@type\":\"ListItem\",\"position\":1,\"name\":\"Home\",\"item\":\"https:\/\/www.ainedatransport.lt\/en\/\"},{\"@type\":\"ListItem\",\"position\":2,\"name\":\"M\u016aS\u0172 TRANSPORTAS\"}]},{\"@type\":\"WebSite\",\"@id\":\"https:\/\/www.ainedatransport.lt\/en\/#website\",\"url\":\"https:\/\/www.ainedatransport.lt\/en\/\",\"name\":\"Aineda Transport\",\"description\":\"\",\"publisher\":{\"@id\":\"https:\/\/www.ainedatransport.lt\/en\/#organization\"},\"potentialAction\":[{\"@type\":\"SearchAction\",\"target\":{\"@type\":\"EntryPoint\",\"urlTemplate\":\"https:\/\/www.ainedatransport.lt\/en\/?s={search_term_string}\"},\"query-input\":\"required name=search_term_string\"}],\"inLanguage\":\"en-US\"},{\"@type\":\"Organization\",\"@id\":\"https:\/\/www.ainedatransport.lt\/en\/#organization\",\"name\":\"Aineda Transport\",\"url\":\"https:\/\/www.ainedatransport.lt\/en\/\",\"logo\":{\"@type\":\"ImageObject\",\"inLanguage\":\"en-US\",\"@id\":\"https:\/\/www.ainedatransport.lt\/en\/#\/schema\/logo\/image\/\",\"url\":\"https:\/\/www.ainedatransport.lt\/wp-content\/uploads\/2022\/12\/cropped-aineda.png\",\"contentUrl\":\"https:\/\/www.ainedatransport.lt\/wp-content\/uploads\/2022\/12\/cropped-aineda.png\",\"width\":240,\"height\":90,\"caption\":\"Aineda Transport\"},\"image\":{\"@id\":\"https:\/\/www.ainedatransport.lt\/en\/#\/schema\/logo\/image\/\"}}]}<\/script>\n<!-- \/ Yoast SEO plugin. -->","yoast_head_json":{"title":"M\u016aS\u0172 TRANSPORTAS -","description":"M\u016bs\u0173 transporto priemon\u0117s \u2013 techni\u0161kai tvarkingos turin\u010dios EURO5 ir EURO6 standartus. Apr\u016bpintos visa reikiama \u012franga saugiam krovini\u0173 perve\u017eimui: krovinio tvirtinimo dir\u017eai, GPS sekimo sistema (apsaugos centras), navigacijos, GSM telefonai, CMR draudimas.","robots":{"index":"index","follow":"follow","max-snippet":"max-snippet:-1","max-image-preview":"max-image-preview:large","max-video-preview":"max-video-preview:-1"},"canonical":"https:\/\/www.ainedatransport.lt\/en\/musu-transportas\/","og_locale":"en_US","og_type":"article","og_title":"M\u016aS\u0172 TRANSPORTAS -","og_description":"M\u016bs\u0173 transporto priemon\u0117s \u2013 techni\u0161kai tvarkingos turin\u010dios EURO5 ir EURO6 standartus. Apr\u016bpintos visa reikiama \u012franga saugiam krovini\u0173 perve\u017eimui: krovinio tvirtinimo dir\u017eai, GPS sekimo sistema (apsaugos centras), navigacijos, GSM telefonai, CMR draudimas.","og_url":"https:\/\/www.ainedatransport.lt\/en\/musu-transportas\/","article_modified_time":"2022-12-23T16:35:21+00:00","og_image":[{"url":"https:\/\/www.ainedatransport.lt\/wp-content\/uploads\/2022\/12\/merc-1024x683.jpg"}],"twitter_card":"summary_large_image","twitter_misc":{"Est. reading time":"1 minute"},"schema":{"@context":"https:\/\/schema.org","@graph":[{"@type":"WebPage","@id":"https:\/\/www.ainedatransport.lt\/en\/musu-transportas\/","url":"https:\/\/www.ainedatransport.lt\/en\/musu-transportas\/","name":"M\u016aS\u0172 TRANSPORTAS -","isPartOf":{"@id":"https:\/\/www.ainedatransport.lt\/en\/#website"},"datePublished":"2022-12-06T06:32:50+00:00","dateModified":"2022-12-23T16:35:21+00:00","description":"M\u016bs\u0173 transporto priemon\u0117s \u2013 techni\u0161kai tvarkingos turin\u010dios EURO5 ir EURO6 standartus. Apr\u016bpintos visa reikiama \u012franga saugiam krovini\u0173 perve\u017eimui: krovinio tvirtinimo dir\u017eai, GPS sekimo sistema (apsaugos centras), navigacijos, GSM telefonai, CMR draudimas.","breadcrumb":{"@id":"https:\/\/www.ainedatransport.lt\/en\/musu-transportas\/#breadcrumb"},"inLanguage":"en-US","potentialAction":[{"@type":"ReadAction","target":["https:\/\/www.ainedatransport.lt\/en\/musu-transportas\/"]}]},{"@type":"BreadcrumbList","@id":"https:\/\/www.ainedatransport.lt\/en\/musu-transportas\/#breadcrumb","itemListElement":[{"@type":"ListItem","position":1,"name":"Home","item":"https:\/\/www.ainedatransport.lt\/en\/"},{"@type":"ListItem","position":2,"name":"M\u016aS\u0172 TRANSPORTAS"}]},{"@type":"WebSite","@id":"https:\/\/www.ainedatransport.lt\/en\/#website","url":"https:\/\/www.ainedatransport.lt\/en\/","name":"Aineda Transport","description":"","publisher":{"@id":"https:\/\/www.ainedatransport.lt\/en\/#organization"},"potentialAction":[{"@type":"SearchAction","target":{"@type":"EntryPoint","urlTemplate":"https:\/\/www.ainedatransport.lt\/en\/?s={search_term_string}"},"query-input":"required name=search_term_string"}],"inLanguage":"en-US"},{"@type":"Organization","@id":"https:\/\/www.ainedatransport.lt\/en\/#organization","name":"Aineda Transport","url":"https:\/\/www.ainedatransport.lt\/en\/","logo":{"@type":"ImageObject","inLanguage":"en-US","@id":"https:\/\/www.ainedatransport.lt\/en\/#\/schema\/logo\/image\/","url":"https:\/\/www.ainedatransport.lt\/wp-content\/uploads\/2022\/12\/cropped-aineda.png","contentUrl":"https:\/\/www.ainedatransport.lt\/wp-content\/uploads\/2022\/12\/cropped-aineda.png","width":240,"height":90,"caption":"Aineda Transport"},"image":{"@id":"https:\/\/www.ainedatransport.lt\/en\/#\/schema\/logo\/image\/"}}]}},"_links":{"self":[{"href":"https:\/\/www.ainedatransport.lt\/en\/wp-json\/wp\/v2\/pages\/17"}],"collection":[{"href":"https:\/\/www.ainedatransport.lt\/en\/wp-json\/wp\/v2\/pages"}],"about":[{"href":"https:\/\/www.ainedatransport.lt\/en\/wp-json\/wp\/v2\/types\/page"}],"author":[{"embeddable":true,"href":"https:\/\/www.ainedatransport.lt\/en\/wp-json\/wp\/v2\/users\/1"}],"replies":[{"embeddable":true,"href":"https:\/\/www.ainedatransport.lt\/en\/wp-json\/wp\/v2\/comments?post=17"}],"version-history":[{"count":5,"href":"https:\/\/www.ainedatransport.lt\/en\/wp-json\/wp\/v2\/pages\/17\/revisions"}],"predecessor-version":[{"id":131,"href":"https:\/\/www.ainedatransport.lt\/en\/wp-json\/wp\/v2\/pages\/17\/revisions\/131"}],"wp:attachment":[{"href":"https:\/\/www.ainedatransport.lt\/en\/wp-json\/wp\/v2\/media?parent=17"}],"curies":[{"name":"wp","href":"https:\/\/api.w.org\/{rel}","templated":true}]}}