{"id":15,"date":"2022-12-06T06:32:41","date_gmt":"2022-12-06T06:32:41","guid":{"rendered":"https:\/\/www.ainedatransport.lt\/?page_id=15"},"modified":"2022-12-19T07:08:22","modified_gmt":"2022-12-19T07:08:22","slug":"kontaktai","status":"publish","type":"page","link":"https:\/\/www.ainedatransport.lt\/en\/kontaktai\/","title":{"rendered":"CONTACTS"},"content":{"rendered":"<p><strong>Artur Puleikis<\/strong><br>Urgent, partial, full load, moving services<br>Phone: +370 673 06616<br>Email:&nbsp;<a href=\"mailto:info@ainedatransport.lt\">info@ainedatransport.lt<\/a><br>Skype: artur.puleikis<\/p>\n\n\n\n<p><strong>Rekvizitai:<br>\u201eAineda transport\u201c&nbsp; UAB<\/strong><br>Address: Taikos 18-3, Klaipeda, Lithuania LT-91224<br>Email:&nbsp;<a href=\"mailto:info@ainedatransport.lt\">info@ainedatransport.lt<\/a><br>Company code: 300606022<br>VAT code: LT100004074715<br>A\/s: LT32 7044 0600 0571 6314<br>Bank: AB \u201eSEB\u201c<br>Bank code:\u00a070440<br>SWIFT: CBVILT2X<\/p>\n\n\n\n<p><strong>Together, we can go a step further.<br>Our advantage is mobility. We can deliver your cargo in a very short time.<\/strong><\/p>","protected":false},"excerpt":{"rendered":"<p>Artur PuleikisSkubi\u0173, dalini\u0173, piln\u0173 krovini\u0173, perkraustymo paslaugosTel.: +370 673 06616El. pa\u0161tas:&nbsp;info@ainedatransport.ltSkype: artur.puleikis Rekvizitai:\u201eAineda transport\u201c&nbsp; UABAdresas: Taikos 18-3, Klaipeda, Lietuva LT-91224E-pa\u0161tas:&nbsp;info@ainedatransport.lt\u012emon\u0117s kodas: 300606022PVM kodas: LT100004074715A\/s: LT32 7044 0600 0571 6314Bankas: AB \u201eSEB\u201cBanko kodas:&nbsp;70440SWIFT: CBVILT2X Kartu galime \u017eengti didesn\u012f \u017eingsn\u012f.M\u016bs\u0173 privalumas \u2013 mobilumas. Galime pristatyti J\u016bs\u0173 krovin\u012f \u012f viet\u0105 per labai trump\u0105 laik\u0105.<\/p>","protected":false},"author":1,"featured_media":0,"parent":0,"menu_order":0,"comment_status":"closed","ping_status":"closed","template":"page-template\/right-sidebar.php","meta":{"footnotes":""},"yoast_head":"<!-- This site is optimized with the Yoast SEO plugin v19.12 - https:\/\/yoast.com\/wordpress\/plugins\/seo\/ -->\n<title>KONTAKTAI -<\/title>\n<meta name=\"description\" content=\"Aineda kontaktai\" \/>\n<meta name=\"robots\" content=\"index, follow, max-snippet:-1, max-image-preview:large, max-video-preview:-1\" \/>\n<link rel=\"canonical\" href=\"https:\/\/www.ainedatransport.lt\/en\/kontaktai\/\" \/>\n<meta property=\"og:locale\" content=\"en_US\" \/>\n<meta property=\"og:type\" content=\"article\" \/>\n<meta property=\"og:title\" content=\"KONTAKTAI -\" \/>\n<meta property=\"og:description\" content=\"Aineda kontaktai\" \/>\n<meta property=\"og:url\" content=\"https:\/\/www.ainedatransport.lt\/en\/kontaktai\/\" \/>\n<meta property=\"article:modified_time\" content=\"2022-12-19T07:08:22+00:00\" \/>\n<meta name=\"twitter:card\" content=\"summary_large_image\" \/>\n<meta name=\"twitter:label1\" content=\"Est. reading time\" \/>\n\t<meta name=\"twitter:data1\" content=\"1 minute\" \/>\n<script type=\"application\/ld+json\" class=\"yoast-schema-graph\">{\"@context\":\"https:\/\/schema.org\",\"@graph\":[{\"@type\":\"WebPage\",\"@id\":\"http:\/\/www.ainedatransport.lt\/lt\/kontaktai\/\",\"url\":\"http:\/\/www.ainedatransport.lt\/lt\/kontaktai\/\",\"name\":\"KONTAKTAI -\",\"isPartOf\":{\"@id\":\"https:\/\/www.ainedatransport.lt\/en\/#website\"},\"datePublished\":\"2022-12-06T06:32:41+00:00\",\"dateModified\":\"2022-12-19T07:08:22+00:00\",\"description\":\"Aineda kontaktai\",\"breadcrumb\":{\"@id\":\"http:\/\/www.ainedatransport.lt\/lt\/kontaktai\/#breadcrumb\"},\"inLanguage\":\"en-US\",\"potentialAction\":[{\"@type\":\"ReadAction\",\"target\":[\"http:\/\/www.ainedatransport.lt\/lt\/kontaktai\/\"]}]},{\"@type\":\"BreadcrumbList\",\"@id\":\"http:\/\/www.ainedatransport.lt\/lt\/kontaktai\/#breadcrumb\",\"itemListElement\":[{\"@type\":\"ListItem\",\"position\":1,\"name\":\"Home\",\"item\":\"https:\/\/www.ainedatransport.lt\/en\/\"},{\"@type\":\"ListItem\",\"position\":2,\"name\":\"KONTAKTAI\"}]},{\"@type\":\"WebSite\",\"@id\":\"https:\/\/www.ainedatransport.lt\/en\/#website\",\"url\":\"https:\/\/www.ainedatransport.lt\/en\/\",\"name\":\"Aineda Transport\",\"description\":\"\",\"publisher\":{\"@id\":\"https:\/\/www.ainedatransport.lt\/en\/#organization\"},\"potentialAction\":[{\"@type\":\"SearchAction\",\"target\":{\"@type\":\"EntryPoint\",\"urlTemplate\":\"https:\/\/www.ainedatransport.lt\/en\/?s={search_term_string}\"},\"query-input\":\"required name=search_term_string\"}],\"inLanguage\":\"en-US\"},{\"@type\":\"Organization\",\"@id\":\"https:\/\/www.ainedatransport.lt\/en\/#organization\",\"name\":\"Aineda Transport\",\"url\":\"https:\/\/www.ainedatransport.lt\/en\/\",\"logo\":{\"@type\":\"ImageObject\",\"inLanguage\":\"en-US\",\"@id\":\"https:\/\/www.ainedatransport.lt\/en\/#\/schema\/logo\/image\/\",\"url\":\"https:\/\/www.ainedatransport.lt\/wp-content\/uploads\/2022\/12\/cropped-aineda.png\",\"contentUrl\":\"https:\/\/www.ainedatransport.lt\/wp-content\/uploads\/2022\/12\/cropped-aineda.png\",\"width\":240,\"height\":90,\"caption\":\"Aineda Transport\"},\"image\":{\"@id\":\"https:\/\/www.ainedatransport.lt\/en\/#\/schema\/logo\/image\/\"}}]}<\/script>\n<!-- \/ Yoast SEO plugin. -->","yoast_head_json":{"title":"KONTAKTAI -","description":"Aineda kontaktai","robots":{"index":"index","follow":"follow","max-snippet":"max-snippet:-1","max-image-preview":"max-image-preview:large","max-video-preview":"max-video-preview:-1"},"canonical":"https:\/\/www.ainedatransport.lt\/en\/kontaktai\/","og_locale":"en_US","og_type":"article","og_title":"KONTAKTAI -","og_description":"Aineda kontaktai","og_url":"https:\/\/www.ainedatransport.lt\/en\/kontaktai\/","article_modified_time":"2022-12-19T07:08:22+00:00","twitter_card":"summary_large_image","twitter_misc":{"Est. reading time":"1 minute"},"schema":{"@context":"https:\/\/schema.org","@graph":[{"@type":"WebPage","@id":"http:\/\/www.ainedatransport.lt\/lt\/kontaktai\/","url":"http:\/\/www.ainedatransport.lt\/lt\/kontaktai\/","name":"KONTAKTAI -","isPartOf":{"@id":"https:\/\/www.ainedatransport.lt\/en\/#website"},"datePublished":"2022-12-06T06:32:41+00:00","dateModified":"2022-12-19T07:08:22+00:00","description":"Aineda kontaktai","breadcrumb":{"@id":"http:\/\/www.ainedatransport.lt\/lt\/kontaktai\/#breadcrumb"},"inLanguage":"en-US","potentialAction":[{"@type":"ReadAction","target":["http:\/\/www.ainedatransport.lt\/lt\/kontaktai\/"]}]},{"@type":"BreadcrumbList","@id":"http:\/\/www.ainedatransport.lt\/lt\/kontaktai\/#breadcrumb","itemListElement":[{"@type":"ListItem","position":1,"name":"Home","item":"https:\/\/www.ainedatransport.lt\/en\/"},{"@type":"ListItem","position":2,"name":"KONTAKTAI"}]},{"@type":"WebSite","@id":"https:\/\/www.ainedatransport.lt\/en\/#website","url":"https:\/\/www.ainedatransport.lt\/en\/","name":"Aineda Transport","description":"","publisher":{"@id":"https:\/\/www.ainedatransport.lt\/en\/#organization"},"potentialAction":[{"@type":"SearchAction","target":{"@type":"EntryPoint","urlTemplate":"https:\/\/www.ainedatransport.lt\/en\/?s={search_term_string}"},"query-input":"required name=search_term_string"}],"inLanguage":"en-US"},{"@type":"Organization","@id":"https:\/\/www.ainedatransport.lt\/en\/#organization","name":"Aineda Transport","url":"https:\/\/www.ainedatransport.lt\/en\/","logo":{"@type":"ImageObject","inLanguage":"en-US","@id":"https:\/\/www.ainedatransport.lt\/en\/#\/schema\/logo\/image\/","url":"https:\/\/www.ainedatransport.lt\/wp-content\/uploads\/2022\/12\/cropped-aineda.png","contentUrl":"https:\/\/www.ainedatransport.lt\/wp-content\/uploads\/2022\/12\/cropped-aineda.png","width":240,"height":90,"caption":"Aineda Transport"},"image":{"@id":"https:\/\/www.ainedatransport.lt\/en\/#\/schema\/logo\/image\/"}}]}},"_links":{"self":[{"href":"https:\/\/www.ainedatransport.lt\/en\/wp-json\/wp\/v2\/pages\/15"}],"collection":[{"href":"https:\/\/www.ainedatransport.lt\/en\/wp-json\/wp\/v2\/pages"}],"about":[{"href":"https:\/\/www.ainedatransport.lt\/en\/wp-json\/wp\/v2\/types\/page"}],"author":[{"embeddable":true,"href":"https:\/\/www.ainedatransport.lt\/en\/wp-json\/wp\/v2\/users\/1"}],"replies":[{"embeddable":true,"href":"https:\/\/www.ainedatransport.lt\/en\/wp-json\/wp\/v2\/comments?post=15"}],"version-history":[{"count":3,"href":"https:\/\/www.ainedatransport.lt\/en\/wp-json\/wp\/v2\/pages\/15\/revisions"}],"predecessor-version":[{"id":49,"href":"https:\/\/www.ainedatransport.lt\/en\/wp-json\/wp\/v2\/pages\/15\/revisions\/49"}],"wp:attachment":[{"href":"https:\/\/www.ainedatransport.lt\/en\/wp-json\/wp\/v2\/media?parent=15"}],"curies":[{"name":"wp","href":"https:\/\/api.w.org\/{rel}","templated":true}]}}