{"id":11,"date":"2022-12-06T06:31:57","date_gmt":"2022-12-06T06:31:57","guid":{"rendered":"https:\/\/www.ainedatransport.lt\/?page_id=11"},"modified":"2022-12-19T06:56:12","modified_gmt":"2022-12-19T06:56:12","slug":"daliniu-kroviniu-pervezimas","status":"publish","type":"page","link":"https:\/\/www.ainedatransport.lt\/en\/daliniu-kroviniu-pervezimas\/","title":{"rendered":"PARTIAL FREIGHT TRANSPORT"},"content":{"rendered":"<p>Partial cargo transportation by minibus, tent or thermo minibus from door to door.<\/p>\n\n\n\n<p>Aineda transport UAB developed and implemented an accurate and efficient work organization system, which allows to work according to customer\u2019s needs in the most favorable cooperation conditions.<\/p>\n\n\n\n<p>The long experience of Aineda transport UAB team is an important feature ensuring fast cargo transportation across&nbsp;<strong>all Europe.<\/strong><\/p>\n\n\n\n<figure class=\"wp-block-gallery has-nested-images columns-default is-cropped wp-block-gallery-1 is-layout-flex wp-block-gallery-is-layout-flex\">\n<figure class=\"wp-block-image size-large\"><img loading=\"lazy\" decoding=\"async\" width=\"640\" height=\"480\" data-id=\"41\" src=\"https:\/\/www.ainedatransport.lt\/wp-content\/uploads\/2022\/12\/DUCATO-MAXXI1-1.jpg\" alt=\"\" class=\"wp-image-41\" srcset=\"https:\/\/www.ainedatransport.lt\/wp-content\/uploads\/2022\/12\/DUCATO-MAXXI1-1.jpg 640w, https:\/\/www.ainedatransport.lt\/wp-content\/uploads\/2022\/12\/DUCATO-MAXXI1-1-300x225.jpg 300w\" sizes=\"(max-width: 640px) 100vw, 640px\" \/><\/figure>\n\n\n\n<figure class=\"wp-block-image size-large\"><img loading=\"lazy\" decoding=\"async\" width=\"870\" height=\"600\" data-id=\"42\" src=\"https:\/\/www.ainedatransport.lt\/wp-content\/uploads\/2022\/12\/renault1.jpg\" alt=\"\" class=\"wp-image-42\" srcset=\"https:\/\/www.ainedatransport.lt\/wp-content\/uploads\/2022\/12\/renault1.jpg 870w, https:\/\/www.ainedatransport.lt\/wp-content\/uploads\/2022\/12\/renault1-300x207.jpg 300w, https:\/\/www.ainedatransport.lt\/wp-content\/uploads\/2022\/12\/renault1-768x530.jpg 768w\" sizes=\"(max-width: 870px) 100vw, 870px\" \/><\/figure>\n<\/figure>\n\n\n\n<p><strong>Together, we can go a step further.<br>Our advantage is mobility. We can deliver your cargo in a very short time.<\/strong><\/p>","protected":false},"excerpt":{"rendered":"<p>Dalini\u0173 krovini\u0173 perve\u017eimas&nbsp; mikroautobusais nuo dur\u0173 iki d\u016br\u0173. UAB \u201eAineda transport\u201d \u012fmon\u0117je yra parengta ir \u012fdiegta tiksli ir efektyvi darb\u0173 organizavimo sistema, leid\u017eianti pagal klient\u0173 poreik\u012f dirbti palankiausiomis bendradarbiavimo s\u0105lygomis. Ilgamet\u0117 UAB \u201eAineda transport\u201c kolektyvo patirtis \u2013 svarbi savyb\u0117, u\u017etikrinanti operatyv\u0173 krovini\u0173 perve\u017eim\u0105&nbsp;visoje Europoje. Kartu galime \u017eengti didesn\u012f \u017eingsn\u012f.M\u016bs\u0173 privalumas \u2013 mobilumas. Galime pristatyti J\u016bs\u0173 [&hellip;]<\/p>","protected":false},"author":1,"featured_media":0,"parent":0,"menu_order":0,"comment_status":"closed","ping_status":"closed","template":"page-template\/right-sidebar.php","meta":{"footnotes":""},"yoast_head":"<!-- This site is optimized with the Yoast SEO plugin v19.12 - https:\/\/yoast.com\/wordpress\/plugins\/seo\/ -->\n<title>DALINI\u0172 KROVINI\u0172 PERVE\u017dIMAS -<\/title>\n<meta name=\"description\" content=\"Dalini\u0173 krovini\u0173 perve\u017eimas mikroautobusais nuo dur\u0173 iki d\u016br\u0173.\" \/>\n<meta name=\"robots\" content=\"index, follow, max-snippet:-1, max-image-preview:large, max-video-preview:-1\" \/>\n<link rel=\"canonical\" href=\"https:\/\/www.ainedatransport.lt\/en\/daliniu-kroviniu-pervezimas\/\" \/>\n<meta property=\"og:locale\" content=\"en_US\" \/>\n<meta property=\"og:type\" content=\"article\" \/>\n<meta property=\"og:title\" content=\"DALINI\u0172 KROVINI\u0172 PERVE\u017dIMAS -\" \/>\n<meta property=\"og:description\" content=\"Dalini\u0173 krovini\u0173 perve\u017eimas mikroautobusais nuo dur\u0173 iki d\u016br\u0173.\" \/>\n<meta property=\"og:url\" content=\"https:\/\/www.ainedatransport.lt\/en\/daliniu-kroviniu-pervezimas\/\" \/>\n<meta property=\"article:modified_time\" content=\"2022-12-19T06:56:12+00:00\" \/>\n<meta property=\"og:image\" content=\"https:\/\/www.ainedatransport.lt\/wp-content\/uploads\/2022\/12\/DUCATO-MAXXI1-1.jpg\" \/>\n<meta name=\"twitter:card\" content=\"summary_large_image\" \/>\n<meta name=\"twitter:label1\" content=\"Est. reading time\" \/>\n\t<meta name=\"twitter:data1\" content=\"1 minute\" \/>\n<script type=\"application\/ld+json\" class=\"yoast-schema-graph\">{\"@context\":\"https:\/\/schema.org\",\"@graph\":[{\"@type\":\"WebPage\",\"@id\":\"http:\/\/www.ainedatransport.lt\/lt\/daliniu-kroviniu-pervezimas\/\",\"url\":\"http:\/\/www.ainedatransport.lt\/lt\/daliniu-kroviniu-pervezimas\/\",\"name\":\"DALINI\u0172 KROVINI\u0172 PERVE\u017dIMAS -\",\"isPartOf\":{\"@id\":\"https:\/\/www.ainedatransport.lt\/en\/#website\"},\"datePublished\":\"2022-12-06T06:31:57+00:00\",\"dateModified\":\"2022-12-19T06:56:12+00:00\",\"description\":\"Dalini\u0173 krovini\u0173 perve\u017eimas mikroautobusais nuo dur\u0173 iki d\u016br\u0173.\",\"breadcrumb\":{\"@id\":\"http:\/\/www.ainedatransport.lt\/lt\/daliniu-kroviniu-pervezimas\/#breadcrumb\"},\"inLanguage\":\"en-US\",\"potentialAction\":[{\"@type\":\"ReadAction\",\"target\":[\"http:\/\/www.ainedatransport.lt\/lt\/daliniu-kroviniu-pervezimas\/\"]}]},{\"@type\":\"BreadcrumbList\",\"@id\":\"http:\/\/www.ainedatransport.lt\/lt\/daliniu-kroviniu-pervezimas\/#breadcrumb\",\"itemListElement\":[{\"@type\":\"ListItem\",\"position\":1,\"name\":\"Home\",\"item\":\"https:\/\/www.ainedatransport.lt\/en\/\"},{\"@type\":\"ListItem\",\"position\":2,\"name\":\"DALINI\u0172 KROVINI\u0172 PERVE\u017dIMAS\"}]},{\"@type\":\"WebSite\",\"@id\":\"https:\/\/www.ainedatransport.lt\/en\/#website\",\"url\":\"https:\/\/www.ainedatransport.lt\/en\/\",\"name\":\"Aineda Transport\",\"description\":\"\",\"publisher\":{\"@id\":\"https:\/\/www.ainedatransport.lt\/en\/#organization\"},\"potentialAction\":[{\"@type\":\"SearchAction\",\"target\":{\"@type\":\"EntryPoint\",\"urlTemplate\":\"https:\/\/www.ainedatransport.lt\/en\/?s={search_term_string}\"},\"query-input\":\"required name=search_term_string\"}],\"inLanguage\":\"en-US\"},{\"@type\":\"Organization\",\"@id\":\"https:\/\/www.ainedatransport.lt\/en\/#organization\",\"name\":\"Aineda Transport\",\"url\":\"https:\/\/www.ainedatransport.lt\/en\/\",\"logo\":{\"@type\":\"ImageObject\",\"inLanguage\":\"en-US\",\"@id\":\"https:\/\/www.ainedatransport.lt\/en\/#\/schema\/logo\/image\/\",\"url\":\"https:\/\/www.ainedatransport.lt\/wp-content\/uploads\/2022\/12\/cropped-aineda.png\",\"contentUrl\":\"https:\/\/www.ainedatransport.lt\/wp-content\/uploads\/2022\/12\/cropped-aineda.png\",\"width\":240,\"height\":90,\"caption\":\"Aineda Transport\"},\"image\":{\"@id\":\"https:\/\/www.ainedatransport.lt\/en\/#\/schema\/logo\/image\/\"}}]}<\/script>\n<!-- \/ Yoast SEO plugin. -->","yoast_head_json":{"title":"DALINI\u0172 KROVINI\u0172 PERVE\u017dIMAS -","description":"Dalini\u0173 krovini\u0173 perve\u017eimas mikroautobusais nuo dur\u0173 iki d\u016br\u0173.","robots":{"index":"index","follow":"follow","max-snippet":"max-snippet:-1","max-image-preview":"max-image-preview:large","max-video-preview":"max-video-preview:-1"},"canonical":"https:\/\/www.ainedatransport.lt\/en\/daliniu-kroviniu-pervezimas\/","og_locale":"en_US","og_type":"article","og_title":"DALINI\u0172 KROVINI\u0172 PERVE\u017dIMAS -","og_description":"Dalini\u0173 krovini\u0173 perve\u017eimas mikroautobusais nuo dur\u0173 iki d\u016br\u0173.","og_url":"https:\/\/www.ainedatransport.lt\/en\/daliniu-kroviniu-pervezimas\/","article_modified_time":"2022-12-19T06:56:12+00:00","og_image":[{"url":"https:\/\/www.ainedatransport.lt\/wp-content\/uploads\/2022\/12\/DUCATO-MAXXI1-1.jpg"}],"twitter_card":"summary_large_image","twitter_misc":{"Est. reading time":"1 minute"},"schema":{"@context":"https:\/\/schema.org","@graph":[{"@type":"WebPage","@id":"http:\/\/www.ainedatransport.lt\/lt\/daliniu-kroviniu-pervezimas\/","url":"http:\/\/www.ainedatransport.lt\/lt\/daliniu-kroviniu-pervezimas\/","name":"DALINI\u0172 KROVINI\u0172 PERVE\u017dIMAS -","isPartOf":{"@id":"https:\/\/www.ainedatransport.lt\/en\/#website"},"datePublished":"2022-12-06T06:31:57+00:00","dateModified":"2022-12-19T06:56:12+00:00","description":"Dalini\u0173 krovini\u0173 perve\u017eimas mikroautobusais nuo dur\u0173 iki d\u016br\u0173.","breadcrumb":{"@id":"http:\/\/www.ainedatransport.lt\/lt\/daliniu-kroviniu-pervezimas\/#breadcrumb"},"inLanguage":"en-US","potentialAction":[{"@type":"ReadAction","target":["http:\/\/www.ainedatransport.lt\/lt\/daliniu-kroviniu-pervezimas\/"]}]},{"@type":"BreadcrumbList","@id":"http:\/\/www.ainedatransport.lt\/lt\/daliniu-kroviniu-pervezimas\/#breadcrumb","itemListElement":[{"@type":"ListItem","position":1,"name":"Home","item":"https:\/\/www.ainedatransport.lt\/en\/"},{"@type":"ListItem","position":2,"name":"DALINI\u0172 KROVINI\u0172 PERVE\u017dIMAS"}]},{"@type":"WebSite","@id":"https:\/\/www.ainedatransport.lt\/en\/#website","url":"https:\/\/www.ainedatransport.lt\/en\/","name":"Aineda Transport","description":"","publisher":{"@id":"https:\/\/www.ainedatransport.lt\/en\/#organization"},"potentialAction":[{"@type":"SearchAction","target":{"@type":"EntryPoint","urlTemplate":"https:\/\/www.ainedatransport.lt\/en\/?s={search_term_string}"},"query-input":"required name=search_term_string"}],"inLanguage":"en-US"},{"@type":"Organization","@id":"https:\/\/www.ainedatransport.lt\/en\/#organization","name":"Aineda Transport","url":"https:\/\/www.ainedatransport.lt\/en\/","logo":{"@type":"ImageObject","inLanguage":"en-US","@id":"https:\/\/www.ainedatransport.lt\/en\/#\/schema\/logo\/image\/","url":"https:\/\/www.ainedatransport.lt\/wp-content\/uploads\/2022\/12\/cropped-aineda.png","contentUrl":"https:\/\/www.ainedatransport.lt\/wp-content\/uploads\/2022\/12\/cropped-aineda.png","width":240,"height":90,"caption":"Aineda Transport"},"image":{"@id":"https:\/\/www.ainedatransport.lt\/en\/#\/schema\/logo\/image\/"}}]}},"_links":{"self":[{"href":"https:\/\/www.ainedatransport.lt\/en\/wp-json\/wp\/v2\/pages\/11"}],"collection":[{"href":"https:\/\/www.ainedatransport.lt\/en\/wp-json\/wp\/v2\/pages"}],"about":[{"href":"https:\/\/www.ainedatransport.lt\/en\/wp-json\/wp\/v2\/types\/page"}],"author":[{"embeddable":true,"href":"https:\/\/www.ainedatransport.lt\/en\/wp-json\/wp\/v2\/users\/1"}],"replies":[{"embeddable":true,"href":"https:\/\/www.ainedatransport.lt\/en\/wp-json\/wp\/v2\/comments?post=11"}],"version-history":[{"count":4,"href":"https:\/\/www.ainedatransport.lt\/en\/wp-json\/wp\/v2\/pages\/11\/revisions"}],"predecessor-version":[{"id":77,"href":"https:\/\/www.ainedatransport.lt\/en\/wp-json\/wp\/v2\/pages\/11\/revisions\/77"}],"wp:attachment":[{"href":"https:\/\/www.ainedatransport.lt\/en\/wp-json\/wp\/v2\/media?parent=11"}],"curies":[{"name":"wp","href":"https:\/\/api.w.org\/{rel}","templated":true}]}}