{"id":19,"date":"2022-12-06T06:33:00","date_gmt":"2022-12-06T06:33:00","guid":{"rendered":"https:\/\/www.ainedatransport.lt\/?page_id=19"},"modified":"2022-12-19T07:12:01","modified_gmt":"2022-12-19T07:12:01","slug":"pilnu-kroviniu-pervezimas","status":"publish","type":"page","link":"http:\/\/www.ainedatransport.lt\/en\/pilnu-kroviniu-pervezimas\/","title":{"rendered":"FULL FREIGHT TRANSPORT"},"content":{"rendered":"<p><strong>Freight is transported using modern trucks<\/strong><\/p>\n\n\n\n<p>Full freight is when a separate truck is allocated for the freight of one customer.<\/p>\n\n\n\n<p>Full freight transportation is a big responsibility which we take in accordance with high security requirements.<\/p>\n\n\n\n<p>We transport cargo on international and local routes with technically sound, modern transport.<\/p>\n\n\n\n<p><strong>We transport international and domestic cargo with designated transport<\/strong><\/p>\n\n\n\n<p>We transport and deliver international and domestic full freights every week to the address specified by the Client, using transport for cargo.<\/p>\n\n\n\n<ul>\n<li>Transportation of full freight by heavy-duty tent trucks 92 m<sup>3<\/sup><\/li>\n\n\n\n<li>Transportation of full freight by smaller-sized transport: 15 m<sup>3<\/sup>,&nbsp; 20 m<sup>3<\/sup>(from door to door)<\/li>\n<\/ul>\n\n\n\n<figure class=\"wp-block-image size-full\"><img loading=\"lazy\" decoding=\"async\" width=\"640\" height=\"363\" src=\"https:\/\/www.ainedatransport.lt\/wp-content\/uploads\/2022\/12\/DAF1.jpg\" alt=\"\" class=\"wp-image-54\" srcset=\"http:\/\/www.ainedatransport.lt\/wp-content\/uploads\/2022\/12\/DAF1.jpg 640w, http:\/\/www.ainedatransport.lt\/wp-content\/uploads\/2022\/12\/DAF1-300x170.jpg 300w\" sizes=\"(max-width: 640px) 100vw, 640px\" \/><\/figure>\n\n\n\n<p><strong>International full freight transport<\/strong><\/p>\n\n\n\n<p>Full freight transport&nbsp;<strong>among European countries:<\/strong>&nbsp;Spain, Portugal, Austria, Italy, Slovenia, Ireland, England, Belgium, Holland, France, Czech Republic, Denmark, Germany, Poland, Norway, Sweden, Finland, Latvia, Estonia, Lithuania.<\/p>\n\n\n\n<p><strong>Together, we can go a step further.<br>Our advantage is mobility. We can deliver your cargo in a very short time.<\/strong><\/p>","protected":false},"excerpt":{"rendered":"<p>Kroviniai perve\u017eami moderniais sunkve\u017eimiais Pilni gabenami kroviniai \u2013 kai vieno u\u017esakovo kroviniams skiriamas atskiras sunkve\u017eimis. Piln\u0173 krovini\u0173 gabenimas, transportavimas \u2013 didel\u0117 atsakomyb\u0117, kuri\u0105 prisiimame, vadovaudamiesi auk\u0161tais saugumo reikalavimais. Krovinius gabename tarptautiniais ir vietiniais mar\u0161rutais techni\u0161kai tvarkingu, moderniu transportu. Tarptautinius ir vietinius krovinius perve\u017eame pritaikytu transportu Tarptautinius ir vietinius pilnus krovinius perve\u017eame ir pristatome kiekvien\u0105 savait\u0119 [&hellip;]<\/p>","protected":false},"author":1,"featured_media":0,"parent":0,"menu_order":0,"comment_status":"closed","ping_status":"closed","template":"page-template\/right-sidebar.php","meta":{"footnotes":""},"yoast_head":"<!-- This site is optimized with the Yoast SEO plugin v19.12 - https:\/\/yoast.com\/wordpress\/plugins\/seo\/ -->\n<title>PILN\u0172 KROVINI\u0172 PERVE\u017dIMAS -<\/title>\n<meta name=\"description\" content=\"Piln\u0173 krovini\u0173 gabenimas, transportavimas \u2013 didel\u0117 atsakomyb\u0117, kuri\u0105 prisiimame, vadovaudamiesi auk\u0161tais saugumo reikalavimais. Tarptautinius ir vietinius pilnus krovinius perve\u017eame ir pristatome kiekvien\u0105 savait\u0119 Kliento nurodytu adresu, kroviniams skirtu transportu.\" \/>\n<meta name=\"robots\" content=\"index, follow, max-snippet:-1, max-image-preview:large, max-video-preview:-1\" \/>\n<link rel=\"canonical\" href=\"http:\/\/www.ainedatransport.lt\/en\/pilnu-kroviniu-pervezimas\/\" \/>\n<meta property=\"og:locale\" content=\"en_US\" \/>\n<meta property=\"og:type\" content=\"article\" \/>\n<meta property=\"og:title\" content=\"PILN\u0172 KROVINI\u0172 PERVE\u017dIMAS -\" \/>\n<meta property=\"og:description\" content=\"Piln\u0173 krovini\u0173 gabenimas, transportavimas \u2013 didel\u0117 atsakomyb\u0117, kuri\u0105 prisiimame, vadovaudamiesi auk\u0161tais saugumo reikalavimais. Tarptautinius ir vietinius pilnus krovinius perve\u017eame ir pristatome kiekvien\u0105 savait\u0119 Kliento nurodytu adresu, kroviniams skirtu transportu.\" \/>\n<meta property=\"og:url\" content=\"http:\/\/www.ainedatransport.lt\/en\/pilnu-kroviniu-pervezimas\/\" \/>\n<meta property=\"article:modified_time\" content=\"2022-12-19T07:12:01+00:00\" \/>\n<meta property=\"og:image\" content=\"https:\/\/www.ainedatransport.lt\/wp-content\/uploads\/2022\/12\/DAF1.jpg\" \/>\n<meta name=\"twitter:card\" content=\"summary_large_image\" \/>\n<meta name=\"twitter:label1\" content=\"Est. reading time\" \/>\n\t<meta name=\"twitter:data1\" content=\"1 minute\" \/>\n<script type=\"application\/ld+json\" class=\"yoast-schema-graph\">{\"@context\":\"https:\/\/schema.org\",\"@graph\":[{\"@type\":\"WebPage\",\"@id\":\"https:\/\/www.ainedatransport.lt\/lt\/pilnu-kroviniu-pervezimas\/\",\"url\":\"https:\/\/www.ainedatransport.lt\/lt\/pilnu-kroviniu-pervezimas\/\",\"name\":\"PILN\u0172 KROVINI\u0172 PERVE\u017dIMAS -\",\"isPartOf\":{\"@id\":\"https:\/\/www.ainedatransport.lt\/lt\/#website\"},\"datePublished\":\"2022-12-06T06:33:00+00:00\",\"dateModified\":\"2022-12-19T07:12:01+00:00\",\"description\":\"Piln\u0173 krovini\u0173 gabenimas, transportavimas \u2013 didel\u0117 atsakomyb\u0117, kuri\u0105 prisiimame, vadovaudamiesi auk\u0161tais saugumo reikalavimais. Tarptautinius ir vietinius pilnus krovinius perve\u017eame ir pristatome kiekvien\u0105 savait\u0119 Kliento nurodytu adresu, kroviniams skirtu transportu.\",\"breadcrumb\":{\"@id\":\"https:\/\/www.ainedatransport.lt\/lt\/pilnu-kroviniu-pervezimas\/#breadcrumb\"},\"inLanguage\":\"en-US\",\"potentialAction\":[{\"@type\":\"ReadAction\",\"target\":[\"https:\/\/www.ainedatransport.lt\/lt\/pilnu-kroviniu-pervezimas\/\"]}]},{\"@type\":\"BreadcrumbList\",\"@id\":\"https:\/\/www.ainedatransport.lt\/lt\/pilnu-kroviniu-pervezimas\/#breadcrumb\",\"itemListElement\":[{\"@type\":\"ListItem\",\"position\":1,\"name\":\"Home\",\"item\":\"https:\/\/www.ainedatransport.lt\/lt\/\"},{\"@type\":\"ListItem\",\"position\":2,\"name\":\"PILN\u0172 KROVINI\u0172 PERVE\u017dIMAS\"}]},{\"@type\":\"WebSite\",\"@id\":\"https:\/\/www.ainedatransport.lt\/lt\/#website\",\"url\":\"https:\/\/www.ainedatransport.lt\/lt\/\",\"name\":\"Aineda Transport\",\"description\":\"\",\"publisher\":{\"@id\":\"https:\/\/www.ainedatransport.lt\/lt\/#organization\"},\"potentialAction\":[{\"@type\":\"SearchAction\",\"target\":{\"@type\":\"EntryPoint\",\"urlTemplate\":\"https:\/\/www.ainedatransport.lt\/lt\/?s={search_term_string}\"},\"query-input\":\"required name=search_term_string\"}],\"inLanguage\":\"en-US\"},{\"@type\":\"Organization\",\"@id\":\"https:\/\/www.ainedatransport.lt\/lt\/#organization\",\"name\":\"Aineda Transport\",\"url\":\"https:\/\/www.ainedatransport.lt\/lt\/\",\"logo\":{\"@type\":\"ImageObject\",\"inLanguage\":\"en-US\",\"@id\":\"https:\/\/www.ainedatransport.lt\/lt\/#\/schema\/logo\/image\/\",\"url\":\"http:\/\/www.ainedatransport.lt\/wp-content\/uploads\/2022\/12\/cropped-aineda.png\",\"contentUrl\":\"http:\/\/www.ainedatransport.lt\/wp-content\/uploads\/2022\/12\/cropped-aineda.png\",\"width\":240,\"height\":90,\"caption\":\"Aineda Transport\"},\"image\":{\"@id\":\"https:\/\/www.ainedatransport.lt\/lt\/#\/schema\/logo\/image\/\"}}]}<\/script>\n<!-- \/ Yoast SEO plugin. -->","yoast_head_json":{"title":"PILN\u0172 KROVINI\u0172 PERVE\u017dIMAS -","description":"Piln\u0173 krovini\u0173 gabenimas, transportavimas \u2013 didel\u0117 atsakomyb\u0117, kuri\u0105 prisiimame, vadovaudamiesi auk\u0161tais saugumo reikalavimais. Tarptautinius ir vietinius pilnus krovinius perve\u017eame ir pristatome kiekvien\u0105 savait\u0119 Kliento nurodytu adresu, kroviniams skirtu transportu.","robots":{"index":"index","follow":"follow","max-snippet":"max-snippet:-1","max-image-preview":"max-image-preview:large","max-video-preview":"max-video-preview:-1"},"canonical":"http:\/\/www.ainedatransport.lt\/en\/pilnu-kroviniu-pervezimas\/","og_locale":"en_US","og_type":"article","og_title":"PILN\u0172 KROVINI\u0172 PERVE\u017dIMAS -","og_description":"Piln\u0173 krovini\u0173 gabenimas, transportavimas \u2013 didel\u0117 atsakomyb\u0117, kuri\u0105 prisiimame, vadovaudamiesi auk\u0161tais saugumo reikalavimais. Tarptautinius ir vietinius pilnus krovinius perve\u017eame ir pristatome kiekvien\u0105 savait\u0119 Kliento nurodytu adresu, kroviniams skirtu transportu.","og_url":"http:\/\/www.ainedatransport.lt\/en\/pilnu-kroviniu-pervezimas\/","article_modified_time":"2022-12-19T07:12:01+00:00","og_image":[{"url":"https:\/\/www.ainedatransport.lt\/wp-content\/uploads\/2022\/12\/DAF1.jpg"}],"twitter_card":"summary_large_image","twitter_misc":{"Est. reading time":"1 minute"},"schema":{"@context":"https:\/\/schema.org","@graph":[{"@type":"WebPage","@id":"https:\/\/www.ainedatransport.lt\/lt\/pilnu-kroviniu-pervezimas\/","url":"https:\/\/www.ainedatransport.lt\/lt\/pilnu-kroviniu-pervezimas\/","name":"PILN\u0172 KROVINI\u0172 PERVE\u017dIMAS -","isPartOf":{"@id":"https:\/\/www.ainedatransport.lt\/lt\/#website"},"datePublished":"2022-12-06T06:33:00+00:00","dateModified":"2022-12-19T07:12:01+00:00","description":"Piln\u0173 krovini\u0173 gabenimas, transportavimas \u2013 didel\u0117 atsakomyb\u0117, kuri\u0105 prisiimame, vadovaudamiesi auk\u0161tais saugumo reikalavimais. Tarptautinius ir vietinius pilnus krovinius perve\u017eame ir pristatome kiekvien\u0105 savait\u0119 Kliento nurodytu adresu, kroviniams skirtu transportu.","breadcrumb":{"@id":"https:\/\/www.ainedatransport.lt\/lt\/pilnu-kroviniu-pervezimas\/#breadcrumb"},"inLanguage":"en-US","potentialAction":[{"@type":"ReadAction","target":["https:\/\/www.ainedatransport.lt\/lt\/pilnu-kroviniu-pervezimas\/"]}]},{"@type":"BreadcrumbList","@id":"https:\/\/www.ainedatransport.lt\/lt\/pilnu-kroviniu-pervezimas\/#breadcrumb","itemListElement":[{"@type":"ListItem","position":1,"name":"Home","item":"https:\/\/www.ainedatransport.lt\/lt\/"},{"@type":"ListItem","position":2,"name":"PILN\u0172 KROVINI\u0172 PERVE\u017dIMAS"}]},{"@type":"WebSite","@id":"https:\/\/www.ainedatransport.lt\/lt\/#website","url":"https:\/\/www.ainedatransport.lt\/lt\/","name":"Aineda Transport","description":"","publisher":{"@id":"https:\/\/www.ainedatransport.lt\/lt\/#organization"},"potentialAction":[{"@type":"SearchAction","target":{"@type":"EntryPoint","urlTemplate":"https:\/\/www.ainedatransport.lt\/lt\/?s={search_term_string}"},"query-input":"required name=search_term_string"}],"inLanguage":"en-US"},{"@type":"Organization","@id":"https:\/\/www.ainedatransport.lt\/lt\/#organization","name":"Aineda Transport","url":"https:\/\/www.ainedatransport.lt\/lt\/","logo":{"@type":"ImageObject","inLanguage":"en-US","@id":"https:\/\/www.ainedatransport.lt\/lt\/#\/schema\/logo\/image\/","url":"http:\/\/www.ainedatransport.lt\/wp-content\/uploads\/2022\/12\/cropped-aineda.png","contentUrl":"http:\/\/www.ainedatransport.lt\/wp-content\/uploads\/2022\/12\/cropped-aineda.png","width":240,"height":90,"caption":"Aineda Transport"},"image":{"@id":"https:\/\/www.ainedatransport.lt\/lt\/#\/schema\/logo\/image\/"}}]}},"_links":{"self":[{"href":"http:\/\/www.ainedatransport.lt\/en\/wp-json\/wp\/v2\/pages\/19"}],"collection":[{"href":"http:\/\/www.ainedatransport.lt\/en\/wp-json\/wp\/v2\/pages"}],"about":[{"href":"http:\/\/www.ainedatransport.lt\/en\/wp-json\/wp\/v2\/types\/page"}],"author":[{"embeddable":true,"href":"http:\/\/www.ainedatransport.lt\/en\/wp-json\/wp\/v2\/users\/1"}],"replies":[{"embeddable":true,"href":"http:\/\/www.ainedatransport.lt\/en\/wp-json\/wp\/v2\/comments?post=19"}],"version-history":[{"count":3,"href":"http:\/\/www.ainedatransport.lt\/en\/wp-json\/wp\/v2\/pages\/19\/revisions"}],"predecessor-version":[{"id":55,"href":"http:\/\/www.ainedatransport.lt\/en\/wp-json\/wp\/v2\/pages\/19\/revisions\/55"}],"wp:attachment":[{"href":"http:\/\/www.ainedatransport.lt\/en\/wp-json\/wp\/v2\/media?parent=19"}],"curies":[{"name":"wp","href":"https:\/\/api.w.org\/{rel}","templated":true}]}}